{"id":5707,"date":"2021-10-11T12:00:21","date_gmt":"2021-10-11T09:00:21","guid":{"rendered":"https:\/\/www.dortyolyukselis.k12.tr\/?page_id=5707"},"modified":"2021-11-24T02:04:58","modified_gmt":"2021-11-23T23:04:58","slug":"okul-formasi","status":"publish","type":"page","link":"https:\/\/www.dortyolyukselis.k12.tr\/?page_id=5707","title":{"rendered":"Okul Formas\u0131"},"content":{"rendered":"<p>[vc_row][vc_column][stm_title title_align=&#8221;center&#8221; page_title_enable=&#8221;true&#8221; title_margin_b=&#8221;28px&#8221;][\/stm_title][vc_row_inner][vc_column_inner width=&#8221;1\/2&#8243;][vc_single_image image=&#8221;5720&#8243; img_size=&#8221;330&#215;390&#8243; alignment=&#8221;center&#8221; style=&#8221;vc_box_rounded&#8221; onclick=&#8221;link_image&#8221; css_animation=&#8221;slideInLeft&#8221;][vc_text_separator title=&#8221;Ortaokul &#8211; Yazl\u0131k&#8221; color=&#8221;vista_blue&#8221; style=&#8221;double&#8221; border_width=&#8221;2&#8243; el_width=&#8221;60&#8243; css_animation=&#8221;slideInLeft&#8221; css=&#8221;.vc_custom_1636493179951{margin-top: -15px !important;}&#8221;][\/vc_column_inner][vc_column_inner width=&#8221;1\/2&#8243;][vc_single_image image=&#8221;5719&#8243; img_size=&#8221;330&#215;390&#8243; alignment=&#8221;center&#8221; style=&#8221;vc_box_rounded&#8221; onclick=&#8221;link_image&#8221; css_animation=&#8221;slideInRight&#8221;][vc_text_separator title=&#8221;Ortaokul &#8211; K\u0131\u015fl\u0131k&#8221; color=&#8221;vista_blue&#8221; style=&#8221;double&#8221; border_width=&#8221;2&#8243; el_width=&#8221;60&#8243; css_animation=&#8221;slideInRight&#8221; css=&#8221;.vc_custom_1636493209697{margin-top: -15px !important;}&#8221;][\/vc_column_inner][\/vc_row_inner][stm_spacing lg_spacing=&#8221;80&#8243; md_spacing=&#8221;60&#8243; sm_spacing=&#8221;40&#8243; xs_spacing=&#8221;20&#8243;][vc_single_image image=&#8221;5718&#8243; img_size=&#8221;330&#215;390&#8243; alignment=&#8221;center&#8221; style=&#8221;vc_box_rounded&#8221; onclick=&#8221;link_image&#8221; css_animation=&#8221;slideInLeft&#8221;][vc_text_separator title=&#8221;Ortak &#8211; Yazl\u0131k&#8221; color=&#8221;chino&#8221; style=&#8221;double&#8221; border_width=&#8221;2&#8243; el_width=&#8221;30&#8243; css_animation=&#8221;slideInLeft&#8221; css=&#8221;.vc_custom_1636493235131{margin-top: -15px !important;}&#8221;][stm_spacing lg_spacing=&#8221;80&#8243; md_spacing=&#8221;60&#8243; sm_spacing=&#8221;40&#8243; xs_spacing=&#8221;20&#8243;][vc_row_inner][vc_column_inner width=&#8221;1\/2&#8243;][vc_single_image image=&#8221;5717&#8243; img_size=&#8221;330&#215;390&#8243; alignment=&#8221;center&#8221; style=&#8221;vc_box_rounded&#8221; onclick=&#8221;link_image&#8221; css_animation=&#8221;slideInLeft&#8221;][vc_text_separator title=&#8221;Lise &#8211; Yazl\u0131k&#8221; color=&#8221;turquoise&#8221; style=&#8221;double&#8221; border_width=&#8221;2&#8243; el_width=&#8221;60&#8243; css_animation=&#8221;slideInLeft&#8221; css=&#8221;.vc_custom_1636493216922{margin-top: -15px !important;}&#8221;][\/vc_column_inner][vc_column_inner width=&#8221;1\/2&#8243;][vc_single_image image=&#8221;5716&#8243; img_size=&#8221;330&#215;390&#8243; alignment=&#8221;center&#8221; style=&#8221;vc_box_rounded&#8221; onclick=&#8221;link_image&#8221; css_animation=&#8221;slideInRight&#8221;][vc_text_separator title=&#8221;Lise &#8211; K\u0131\u015fl\u0131k&#8221; color=&#8221;turquoise&#8221; style=&#8221;double&#8221; border_width=&#8221;2&#8243; el_width=&#8221;60&#8243; css_animation=&#8221;slideInRight&#8221; css=&#8221;.vc_custom_1636493222626{margin-top: -15px !important;}&#8221;][\/vc_column_inner][\/vc_row_inner][\/vc_column][\/vc_row]<\/p>\n","protected":false},"excerpt":{"rendered":"<p>[vc_row][vc_column][stm_title title_align=&#8221;center&#8221; page_title_enable=&#8221;true&#8221; title_margin_b=&#8221;28px&#8221;][\/stm_title][vc_row_inner][vc_column_inner width=&#8221;1\/2&#8243;][vc_single_image image=&#8221;5720&#8243; img_size=&#8221;330&#215;390&#8243; alignment=&#8221;center&#8221; style=&#8221;vc_box_rounded&#8221; onclick=&#8221;link_image&#8221; css_animation=&#8221;slideInLeft&#8221;][vc_text_separator title=&#8221;Ortaokul &#8211; Yazl\u0131k&#8221; color=&#8221;vista_blue&#8221; style=&#8221;double&#8221; border_width=&#8221;2&#8243; el_width=&#8221;60&#8243; css_animation=&#8221;slideInLeft&#8221; css=&#8221;.vc_custom_1636493179951{margin-top: -15px !important;}&#8221;][\/vc_column_inner][vc_column_inner width=&#8221;1\/2&#8243;][vc_single_image image=&#8221;5719&#8243; img_size=&#8221;330&#215;390&#8243; alignment=&#8221;center&#8221; style=&#8221;vc_box_rounded&#8221; onclick=&#8221;link_image&#8221; css_animation=&#8221;slideInRight&#8221;][vc_text_separator title=&#8221;Ortaokul &#8211; K\u0131\u015fl\u0131k&#8221; color=&#8221;vista_blue&#8221; style=&#8221;double&#8221; border_width=&#8221;2&#8243; el_width=&#8221;60&#8243; css_animation=&#8221;slideInRight&#8221; css=&#8221;.vc_custom_1636493209697{margin-top: -15px !important;}&#8221;][\/vc_column_inner][\/vc_row_inner][stm_spacing lg_spacing=&#8221;80&#8243; md_spacing=&#8221;60&#8243; sm_spacing=&#8221;40&#8243; xs_spacing=&#8221;20&#8243;][vc_single_image image=&#8221;5718&#8243; img_size=&#8221;330&#215;390&#8243; alignment=&#8221;center&#8221; style=&#8221;vc_box_rounded&#8221; onclick=&#8221;link_image&#8221; css_animation=&#8221;slideInLeft&#8221;][vc_text_separator title=&#8221;Ortak &#8211; Yazl\u0131k&#8221; color=&#8221;chino&#8221; style=&#8221;double&#8221; [&hellip;]<\/p>\n","protected":false},"author":1,"featured_media":0,"parent":0,"menu_order":0,"comment_status":"closed","ping_status":"closed","template":"","meta":{"footnotes":""},"class_list":["post-5707","page","type-page","status-publish","hentry"],"_links":{"self":[{"href":"https:\/\/www.dortyolyukselis.k12.tr\/index.php?rest_route=\/wp\/v2\/pages\/5707","targetHints":{"allow":["GET"]}}],"collection":[{"href":"https:\/\/www.dortyolyukselis.k12.tr\/index.php?rest_route=\/wp\/v2\/pages"}],"about":[{"href":"https:\/\/www.dortyolyukselis.k12.tr\/index.php?rest_route=\/wp\/v2\/types\/page"}],"author":[{"embeddable":true,"href":"https:\/\/www.dortyolyukselis.k12.tr\/index.php?rest_route=\/wp\/v2\/users\/1"}],"replies":[{"embeddable":true,"href":"https:\/\/www.dortyolyukselis.k12.tr\/index.php?rest_route=%2Fwp%2Fv2%2Fcomments&post=5707"}],"version-history":[{"count":12,"href":"https:\/\/www.dortyolyukselis.k12.tr\/index.php?rest_route=\/wp\/v2\/pages\/5707\/revisions"}],"predecessor-version":[{"id":6128,"href":"https:\/\/www.dortyolyukselis.k12.tr\/index.php?rest_route=\/wp\/v2\/pages\/5707\/revisions\/6128"}],"wp:attachment":[{"href":"https:\/\/www.dortyolyukselis.k12.tr\/index.php?rest_route=%2Fwp%2Fv2%2Fmedia&parent=5707"}],"curies":[{"name":"wp","href":"https:\/\/api.w.org\/{rel}","templated":true}]}}