{"id":5645,"date":"2021-10-11T12:00:32","date_gmt":"2021-10-11T09:00:32","guid":{"rendered":"https:\/\/www.dortyolyukselis.k12.tr\/?page_id=5645"},"modified":"2023-09-26T13:58:18","modified_gmt":"2023-09-26T10:58:18","slug":"ogrenci-servisi","status":"publish","type":"page","link":"https:\/\/www.dortyolyukselis.k12.tr\/?page_id=5645","title":{"rendered":"\u00d6\u011frenci Servisi"},"content":{"rendered":"<p>[vc_row][vc_column][stm_title title_align=&#8221;center&#8221; page_title_enable=&#8221;true&#8221; title_margin_b=&#8221;28px&#8221;][\/stm_title][vc_single_image image=&#8221;5644&#8243; img_size=&#8221;full&#8221; alignment=&#8221;center&#8221; style=&#8221;vc_box_rounded&#8221; css_animation=&#8221;slideInLeft&#8221;][vc_column_text css_animation=&#8221;slideInRight&#8221;]<span style=\"font-size: 14pt; color: #000080;\">Servis s\u00fcr\u00fcc\u00fclerimiz \u00f6\u011frencilerimizin g\u00fcvenlik i\u00e7inde yolculuk etmesi i\u00e7in gerekli t\u00fcm bilgi ve beceriye sahiptir.<\/span><br \/>\n<span style=\"font-size: 14pt; color: #000080;\">Okul ta\u015f\u0131t\u0131na binmeden \u00f6nce, ula\u015f\u0131m s\u0131ras\u0131nda ve okul ta\u015f\u0131t\u0131ndan indikten sonra servis s\u00fcr\u00fcc\u00fclerimizle s\u00fcrekli i\u015fbirli\u011fi i\u00e7inde hareket etmekteyiz.<\/span><br \/>\n<span style=\"font-size: 14pt; color: #000080;\">S\u00fcr\u00fcc\u00fcyle ilgili t\u00fcm ileti\u015fim bilgileri hem \u00f6\u011frencimize hem velilerimize verilmektedir.<\/span><\/p>\n<p><strong><span style=\"font-size: 14pt; color: #000080;\">\u00d6\u011frenci Servisi Yetkilisi:<\/span><\/strong><br \/>\n<span style=\"font-size: 14pt; color: #000080;\">Onur G\u00dcVEN (D\u00f6rtyol Birlik Servis\u00e7ilik)<\/span><br \/>\n<span style=\"font-size: 14pt; color: #000080;\"><strong>\u0130rtibat:<\/strong> 0 505 102 6622<\/span>[\/vc_column_text][\/vc_column][\/vc_row]<\/p>\n","protected":false},"excerpt":{"rendered":"<p>[vc_row][vc_column][stm_title title_align=&#8221;center&#8221; page_title_enable=&#8221;true&#8221; title_margin_b=&#8221;28px&#8221;][\/stm_title][vc_single_image image=&#8221;5644&#8243; img_size=&#8221;full&#8221; alignment=&#8221;center&#8221; style=&#8221;vc_box_rounded&#8221; css_animation=&#8221;slideInLeft&#8221;][vc_column_text css_animation=&#8221;slideInRight&#8221;]Servis s\u00fcr\u00fcc\u00fclerimiz \u00f6\u011frencilerimizin g\u00fcvenlik i\u00e7inde yolculuk etmesi i\u00e7in gerekli t\u00fcm bilgi ve beceriye sahiptir. Okul ta\u015f\u0131t\u0131na binmeden \u00f6nce, ula\u015f\u0131m s\u0131ras\u0131nda ve okul ta\u015f\u0131t\u0131ndan indikten sonra servis s\u00fcr\u00fcc\u00fclerimizle s\u00fcrekli i\u015fbirli\u011fi i\u00e7inde hareket etmekteyiz. S\u00fcr\u00fcc\u00fcyle ilgili t\u00fcm ileti\u015fim bilgileri hem \u00f6\u011frencimize hem velilerimize verilmektedir. \u00d6\u011frenci Servisi Yetkilisi: Onur [&hellip;]<\/p>\n","protected":false},"author":1,"featured_media":0,"parent":0,"menu_order":0,"comment_status":"closed","ping_status":"closed","template":"","meta":{"footnotes":""},"class_list":["post-5645","page","type-page","status-publish","hentry"],"_links":{"self":[{"href":"https:\/\/www.dortyolyukselis.k12.tr\/index.php?rest_route=\/wp\/v2\/pages\/5645","targetHints":{"allow":["GET"]}}],"collection":[{"href":"https:\/\/www.dortyolyukselis.k12.tr\/index.php?rest_route=\/wp\/v2\/pages"}],"about":[{"href":"https:\/\/www.dortyolyukselis.k12.tr\/index.php?rest_route=\/wp\/v2\/types\/page"}],"author":[{"embeddable":true,"href":"https:\/\/www.dortyolyukselis.k12.tr\/index.php?rest_route=\/wp\/v2\/users\/1"}],"replies":[{"embeddable":true,"href":"https:\/\/www.dortyolyukselis.k12.tr\/index.php?rest_route=%2Fwp%2Fv2%2Fcomments&post=5645"}],"version-history":[{"count":7,"href":"https:\/\/www.dortyolyukselis.k12.tr\/index.php?rest_route=\/wp\/v2\/pages\/5645\/revisions"}],"predecessor-version":[{"id":6527,"href":"https:\/\/www.dortyolyukselis.k12.tr\/index.php?rest_route=\/wp\/v2\/pages\/5645\/revisions\/6527"}],"wp:attachment":[{"href":"https:\/\/www.dortyolyukselis.k12.tr\/index.php?rest_route=%2Fwp%2Fv2%2Fmedia&parent=5645"}],"curies":[{"name":"wp","href":"https:\/\/api.w.org\/{rel}","templated":true}]}}