{"id":5617,"date":"2021-10-11T12:00:34","date_gmt":"2021-10-11T09:00:34","guid":{"rendered":"https:\/\/www.dortyolyukselis.k12.tr\/?page_id=5617"},"modified":"2021-11-24T02:01:54","modified_gmt":"2021-11-23T23:01:54","slug":"akademik-basarilar","status":"publish","type":"page","link":"https:\/\/www.dortyolyukselis.k12.tr\/?page_id=5617","title":{"rendered":"Akademik Ba\u015far\u0131lar"},"content":{"rendered":"<p>[vc_row][vc_column][stm_title title_align=&#8221;center&#8221; page_title_enable=&#8221;true&#8221; title_margin_b=&#8221;28px&#8221;][\/stm_title][vc_single_image image=&#8221;5616&#8243; img_size=&#8221;full&#8221; alignment=&#8221;center&#8221; style=&#8221;vc_box_rounded&#8221; css_animation=&#8221;slideInLeft&#8221;][vc_column_text css_animation=&#8221;slideInRight&#8221;]<span style=\"font-size: 14pt; color: #000080;\">Ba\u015far\u0131m\u0131z\u0131n katlanarak art\u0131yor olmas\u0131n\u0131n \u00f6nemli bir nedeni de ba\u015far\u0131s\u0131 ve hedefleri y\u00fcksek olan e\u011fitimcilerin bir arada e\u011fitim veriyor olmas\u0131d\u0131r. \u00d6\u011frencilerimizi okul d\u0131\u015f\u0131ndan ekstra bir deste\u011fe ihtiya\u00e7 duymamalar\u0131n\u0131 yani &#8220;Dershanesiz ama dershaneyi okula ta\u015f\u0131yan bir e\u011fitim&#8221; ile hak ettikleri gelece\u011fe ula\u015fmalar\u0131n\u0131 sa\u011fl\u0131yoruz.<\/span><\/p>\n<p><span style=\"font-size: 14pt; color: #000080;\">Ba\u015far\u0131 bir yolculuktur, var\u0131\u015f noktas\u0131 de\u011fil.<strong> &#8220;O zaman, ba\u015far\u0131 yolculu\u011fumuz hep s\u00fcrs\u00fcn!&#8221;<\/strong><\/span><\/p>\n<p><span style=\"font-size: 14pt; color: #000080;\"><img loading=\"lazy\" decoding=\"async\" class=\"alignleft wp-image-5627 size-full\" src=\"https:\/\/www.dortyolyukselis.k12.tr\/files\/kupa.png\" alt=\"\" width=\"24\" height=\"24\" \/><span style=\"font-size: 14pt;\"><strong>2015-2016 TEOG<\/strong> &#8211; GENEL ORTALAMA \u0130L\u00c7E B\u0130R\u0130NC\u0130L\u0130\u011e\u0130<\/span><\/span><\/p>\n<p><span style=\"font-size: 14pt; color: #000080;\"><img loading=\"lazy\" decoding=\"async\" class=\"size-full wp-image-5627 alignleft\" src=\"https:\/\/www.dortyolyukselis.k12.tr\/files\/kupa.png\" alt=\"\" width=\"24\" height=\"24\" \/><strong>2016-2017 TEOG<\/strong> &#8211; GENEL ORTALAMA \u0130L\u00c7E B\u0130R\u0130NC\u0130L\u0130\u011e\u0130<\/span><\/p>\n<p><span style=\"font-size: 14pt; color: #000080;\"><img loading=\"lazy\" decoding=\"async\" class=\"size-full wp-image-5627 alignleft\" src=\"https:\/\/www.dortyolyukselis.k12.tr\/files\/kupa.png\" alt=\"\" width=\"24\" height=\"24\" \/><\/span><\/p>\n<p><span style=\"font-size: 14pt; color: #000080;\"><strong>2016-2017 TEOG<\/strong> &#8211; TEOG 1 ve TEOG 2 T\u00dcRK\u0130YE B\u0130R\u0130NC\u0130S\u0130 B\u0130R \u00d6\u011eRENC\u0130<\/span><\/p>\n<p><span style=\"font-size: 14pt; color: #000080;\"><img loading=\"lazy\" decoding=\"async\" class=\"size-full wp-image-5627 alignleft\" src=\"https:\/\/www.dortyolyukselis.k12.tr\/files\/kupa.png\" alt=\"\" width=\"24\" height=\"24\" \/><strong>2017-2018 LGS<\/strong> &#8211; GENEL ORTALAMA \u0130L\u00c7E B\u0130R\u0130NC\u0130L\u0130\u011e\u0130<\/span><\/p>\n<p><span style=\"font-size: 14pt; color: #000080;\"><img loading=\"lazy\" decoding=\"async\" class=\"size-full wp-image-5627 alignleft\" src=\"https:\/\/www.dortyolyukselis.k12.tr\/files\/kupa.png\" alt=\"\" width=\"24\" height=\"24\" \/><strong>2018-2019 LGS<\/strong> &#8211; GENEL ORTALAMA \u0130L\u00c7E B\u0130R\u0130NC\u0130L\u0130\u011e\u0130<\/span><\/p>\n<p><span style=\"font-size: 14pt; color: #000080;\"><img loading=\"lazy\" decoding=\"async\" class=\"size-full wp-image-5627 alignleft\" src=\"https:\/\/www.dortyolyukselis.k12.tr\/files\/kupa.png\" alt=\"\" width=\"24\" height=\"24\" \/><strong>2019-2020 LGS<\/strong> &#8211; GENEL ORTALAMA \u0130L\u00c7E B\u0130R\u0130NC\u0130L\u0130\u011e\u0130 ve \u0130L ONUNCULU\u011eU<\/span><\/p>\n<p><span style=\"font-size: 14pt; color: #000080;\"><img loading=\"lazy\" decoding=\"async\" class=\"size-full wp-image-5627 alignleft\" src=\"https:\/\/www.dortyolyukselis.k12.tr\/files\/kupa.png\" alt=\"\" width=\"24\" height=\"24\" \/><strong>2020-2021 LGS<\/strong> &#8211; GENEL ORTALAMA \u0130L\u00c7E B\u0130R\u0130NC\u0130L\u0130\u011e\u0130<\/span><\/p>\n<p>&nbsp;<\/p>\n<p><span style=\"font-size: 14pt; color: #000080;\"><img loading=\"lazy\" decoding=\"async\" class=\"size-full wp-image-5639 alignleft\" src=\"https:\/\/www.dortyolyukselis.k12.tr\/files\/etwinning.png\" alt=\"\" width=\"120\" height=\"87\" \/><strong>&#8220;\u00dcRETEN YEN\u0130 NES\u0130L ORGAN\u0130K TARIMLA TANI\u015eIYOR&#8221;<\/strong> projemiz <strong>eTwinning Uluslararas\u0131 Proje Geli\u015ftirme Platformu<\/strong> taraf\u0131ndan kabul edildi.<\/span><br \/>\n<span style=\"font-size: 14pt; color: #000080;\">Okulumuz \u0130zmit ve K\u0131r\u0131kkale&#8217;deki ortaklar\u0131m\u0131zla \u00e7al\u0131\u015fmalar\u0131n\u0131 tamamlayarak bu proje ile <strong>D\u00f6rtyol\u2019da Avrupa Kalite Etiketi&#8217;ne sahip ilk ve tek \u00f6zel okul oldu.<\/strong><\/span>[\/vc_column_text][\/vc_column][\/vc_row]<\/p>\n","protected":false},"excerpt":{"rendered":"<p>[vc_row][vc_column][stm_title title_align=&#8221;center&#8221; page_title_enable=&#8221;true&#8221; title_margin_b=&#8221;28px&#8221;][\/stm_title][vc_single_image image=&#8221;5616&#8243; img_size=&#8221;full&#8221; alignment=&#8221;center&#8221; style=&#8221;vc_box_rounded&#8221; css_animation=&#8221;slideInLeft&#8221;][vc_column_text css_animation=&#8221;slideInRight&#8221;]Ba\u015far\u0131m\u0131z\u0131n katlanarak art\u0131yor olmas\u0131n\u0131n \u00f6nemli bir nedeni de ba\u015far\u0131s\u0131 ve hedefleri y\u00fcksek olan e\u011fitimcilerin bir arada e\u011fitim veriyor olmas\u0131d\u0131r. \u00d6\u011frencilerimizi okul d\u0131\u015f\u0131ndan ekstra bir deste\u011fe ihtiya\u00e7 duymamalar\u0131n\u0131 yani &#8220;Dershanesiz ama dershaneyi okula ta\u015f\u0131yan bir e\u011fitim&#8221; ile hak ettikleri gelece\u011fe ula\u015fmalar\u0131n\u0131 sa\u011fl\u0131yoruz. Ba\u015far\u0131 bir yolculuktur, var\u0131\u015f noktas\u0131 [&hellip;]<\/p>\n","protected":false},"author":1,"featured_media":0,"parent":0,"menu_order":0,"comment_status":"closed","ping_status":"closed","template":"","meta":{"footnotes":""},"class_list":["post-5617","page","type-page","status-publish","hentry"],"_links":{"self":[{"href":"https:\/\/www.dortyolyukselis.k12.tr\/index.php?rest_route=\/wp\/v2\/pages\/5617","targetHints":{"allow":["GET"]}}],"collection":[{"href":"https:\/\/www.dortyolyukselis.k12.tr\/index.php?rest_route=\/wp\/v2\/pages"}],"about":[{"href":"https:\/\/www.dortyolyukselis.k12.tr\/index.php?rest_route=\/wp\/v2\/types\/page"}],"author":[{"embeddable":true,"href":"https:\/\/www.dortyolyukselis.k12.tr\/index.php?rest_route=\/wp\/v2\/users\/1"}],"replies":[{"embeddable":true,"href":"https:\/\/www.dortyolyukselis.k12.tr\/index.php?rest_route=%2Fwp%2Fv2%2Fcomments&post=5617"}],"version-history":[{"count":22,"href":"https:\/\/www.dortyolyukselis.k12.tr\/index.php?rest_route=\/wp\/v2\/pages\/5617\/revisions"}],"predecessor-version":[{"id":6113,"href":"https:\/\/www.dortyolyukselis.k12.tr\/index.php?rest_route=\/wp\/v2\/pages\/5617\/revisions\/6113"}],"wp:attachment":[{"href":"https:\/\/www.dortyolyukselis.k12.tr\/index.php?rest_route=%2Fwp%2Fv2%2Fmedia&parent=5617"}],"curies":[{"name":"wp","href":"https:\/\/api.w.org\/{rel}","templated":true}]}}