{"id":5345,"date":"2021-10-11T12:00:16","date_gmt":"2021-10-11T09:00:16","guid":{"rendered":"https:\/\/www.dortyolyukselis.k12.tr\/?page_id=5345"},"modified":"2021-11-24T02:04:09","modified_gmt":"2021-11-23T23:04:09","slug":"kutuphane","status":"publish","type":"page","link":"https:\/\/www.dortyolyukselis.k12.tr\/?page_id=5345","title":{"rendered":"K\u00fct\u00fcphane"},"content":{"rendered":"<p>[vc_row][vc_column][stm_title title_align=&#8221;center&#8221; page_title_enable=&#8221;true&#8221; title_margin_b=&#8221;28px&#8221;][\/stm_title][vc_images_carousel images=&#8221;5495,5496,5497,5498,5499,5500,5501,5502&#8243; img_size=&#8221;full&#8221; speed=&#8221;2000&#8243; slides_per_view=&#8221;3&#8243; autoplay=&#8221;yes&#8221; hide_pagination_control=&#8221;yes&#8221; hide_prev_next_buttons=&#8221;yes&#8221; wrap=&#8221;yes&#8221; css_animation=&#8221;slideInLeft&#8221;][vc_column_text css_animation=&#8221;slideInRight&#8221;]<span style=\"font-size: 14pt; color: #000080;\">Her t\u00fcrl\u00fc bili\u015fim ve ileti\u015fim ara\u00e7lar\u0131n\u0131n, ba\u015f d\u00f6nd\u00fcr\u00fcc\u00fc bir h\u0131zla geli\u015fti\u011fi \u00e7a\u011f\u0131m\u0131zda, t\u00fcm d\u00fcnyada hi\u00e7bir de\u011fer, kitaplar\u0131n yerini tutamam\u0131\u015f, okuyucuyla dostluklar\u0131n\u0131 bozamam\u0131\u015ft\u0131r. Bu bilin\u00e7ten hareketle, kitapl\u0131\u011f\u0131m\u0131z\u0131; e\u011fitim ve \u00f6\u011fretimimizin, y\u00fcre\u011fimizin hazine dairesi olarak g\u00f6r\u00fcyoruz. Kitapl\u0131\u011f\u0131m\u0131z\u0131, hem nitelik hem de nicelik y\u00f6n\u00fcnden en \u00fcst d\u00fczeylere ula\u015ft\u0131rmak amac\u0131nday\u0131z.<\/span><\/p>\n<p><span style=\"font-size: 14pt; color: #000080;\">Atat\u00fcrk&#8217;\u00fcn, \u201cMemleketimizi, toplulu\u011fumuzu ger\u00e7ek hedefe mutlulu\u011fa eri\u015ftirmek i\u00e7in iki orduya ihtiya\u00e7 vard\u0131r: Biri vatan\u0131n hayat\u0131n\u0131 kurtaran asker ordusu, di\u011feri milletin istikbalini yo\u011furan k\u00fclt\u00fcr ordusu. Bu iki ordunun her ikisi de k\u0131ymetlidir, y\u00fccedir, verimlidir, sayg\u0131de\u011ferdir\u2026 Bu iki ordunun ikisi de hayatidir. Yaln\u0131z siz, k\u00fclt\u00fcr ordusu mensuplar\u0131, sizlere ba\u011fl\u0131 oldu\u011funuz ordunun k\u0131ymet ve kutsiyetini anlatmak i\u00e7in size \u015funu s\u00f6yleyeyim ki, sizler \u00f6len ve \u00f6ld\u00fcren birinci orduya ni\u00e7in \u00f6ld\u00fcr\u00fcp ni\u00e7in \u00f6ld\u00fc\u011f\u00fcn\u00fc \u00f6\u011freten bir ordunun fertlerisiniz.\u201d s\u00f6z\u00fc, kitapl\u0131\u011f\u0131m\u0131z konusundaki \u00e7abalar\u0131m\u0131z\u0131n itici g\u00fcc\u00fcd\u00fcr.<\/span><\/p>\n<p><span style=\"font-size: 14pt; color: #000080;\">&#8220;K\u00fct\u00fcphanecilik Kul\u00fcb\u00fc&#8221; de kitap tan\u0131tma, kitap okuma, masal anlatma gibi etkinliklerle ve kitap merkezli yar\u0131\u015fmalarla kitapl\u0131\u011f\u0131m\u0131za sevgi ve ilgiyi peki\u015ftirmektedir.<\/span>[\/vc_column_text][\/vc_column][\/vc_row]<\/p>\n","protected":false},"excerpt":{"rendered":"<p>[vc_row][vc_column][stm_title title_align=&#8221;center&#8221; page_title_enable=&#8221;true&#8221; title_margin_b=&#8221;28px&#8221;][\/stm_title][vc_images_carousel images=&#8221;5495,5496,5497,5498,5499,5500,5501,5502&#8243; img_size=&#8221;full&#8221; speed=&#8221;2000&#8243; slides_per_view=&#8221;3&#8243; autoplay=&#8221;yes&#8221; hide_pagination_control=&#8221;yes&#8221; hide_prev_next_buttons=&#8221;yes&#8221; wrap=&#8221;yes&#8221; css_animation=&#8221;slideInLeft&#8221;][vc_column_text css_animation=&#8221;slideInRight&#8221;]Her t\u00fcrl\u00fc bili\u015fim ve ileti\u015fim ara\u00e7lar\u0131n\u0131n, ba\u015f d\u00f6nd\u00fcr\u00fcc\u00fc bir h\u0131zla geli\u015fti\u011fi \u00e7a\u011f\u0131m\u0131zda, t\u00fcm d\u00fcnyada hi\u00e7bir de\u011fer, kitaplar\u0131n yerini tutamam\u0131\u015f, okuyucuyla dostluklar\u0131n\u0131 bozamam\u0131\u015ft\u0131r. Bu bilin\u00e7ten hareketle, kitapl\u0131\u011f\u0131m\u0131z\u0131; e\u011fitim ve \u00f6\u011fretimimizin, y\u00fcre\u011fimizin hazine dairesi olarak g\u00f6r\u00fcyoruz. Kitapl\u0131\u011f\u0131m\u0131z\u0131, hem nitelik hem de nicelik y\u00f6n\u00fcnden en [&hellip;]<\/p>\n","protected":false},"author":1,"featured_media":0,"parent":0,"menu_order":0,"comment_status":"closed","ping_status":"closed","template":"","meta":{"footnotes":""},"class_list":["post-5345","page","type-page","status-publish","hentry"],"_links":{"self":[{"href":"https:\/\/www.dortyolyukselis.k12.tr\/index.php?rest_route=\/wp\/v2\/pages\/5345","targetHints":{"allow":["GET"]}}],"collection":[{"href":"https:\/\/www.dortyolyukselis.k12.tr\/index.php?rest_route=\/wp\/v2\/pages"}],"about":[{"href":"https:\/\/www.dortyolyukselis.k12.tr\/index.php?rest_route=\/wp\/v2\/types\/page"}],"author":[{"embeddable":true,"href":"https:\/\/www.dortyolyukselis.k12.tr\/index.php?rest_route=\/wp\/v2\/users\/1"}],"replies":[{"embeddable":true,"href":"https:\/\/www.dortyolyukselis.k12.tr\/index.php?rest_route=%2Fwp%2Fv2%2Fcomments&post=5345"}],"version-history":[{"count":40,"href":"https:\/\/www.dortyolyukselis.k12.tr\/index.php?rest_route=\/wp\/v2\/pages\/5345\/revisions"}],"predecessor-version":[{"id":6121,"href":"https:\/\/www.dortyolyukselis.k12.tr\/index.php?rest_route=\/wp\/v2\/pages\/5345\/revisions\/6121"}],"wp:attachment":[{"href":"https:\/\/www.dortyolyukselis.k12.tr\/index.php?rest_route=%2Fwp%2Fv2%2Fmedia&parent=5345"}],"curies":[{"name":"wp","href":"https:\/\/api.w.org\/{rel}","templated":true}]}}