{"id":5335,"date":"2021-10-11T12:00:12","date_gmt":"2021-10-11T09:00:12","guid":{"rendered":"https:\/\/www.dortyolyukselis.k12.tr\/?page_id=5335"},"modified":"2023-09-26T14:02:36","modified_gmt":"2023-09-26T11:02:36","slug":"fen-laboratuvari","status":"publish","type":"page","link":"https:\/\/www.dortyolyukselis.k12.tr\/?page_id=5335","title":{"rendered":"Fen Laboratuvar\u0131"},"content":{"rendered":"<p>[vc_row][vc_column][stm_title title_align=&#8221;center&#8221; page_title_enable=&#8221;true&#8221; title_margin_b=&#8221;28px&#8221;][\/stm_title][vc_column_text css_animation=&#8221;slideInRight&#8221;]<span style=\"font-size: 14pt; color: #000080;\">G\u00fcn\u00fcm\u00fczde ya\u015fanan h\u0131zl\u0131, ekonomik, sosyal, bilimsel ve teknolojik geli\u015fmeler ya\u015fam \u015feklimizi \u00f6nemli \u00f6l\u00e7\u00fcde de\u011fi\u015ftirmi\u015ftir. Okulumuzun, \u00e7a\u011fda\u015f ara\u00e7 &#8211; gere\u00e7 ve teknolojileriyle donat\u0131lm\u0131\u015f laboratuvarlar\u0131nda \u00f6\u011frencilerimiz fenle ilgili olarak edindikleri bilgileri; inceleme, ara\u015ft\u0131rma ve deneylerle bilimselliklerini kan\u0131tl\u0131yorlar ve ya\u015famla ili\u015fkilerini kuruyorlar.<\/span><br \/>\n<span style=\"font-size: 14pt; color: #000080;\">Bilim ve teknoloji alan\u0131ndaki geli\u015fmelere ayak uydurabilecek, bu geli\u015fmeleri y\u00f6nlendirecek \u00f6\u011frenciler yeti\u015ftirmek i\u00e7in fen derslerimizde laboratuvar uygulamalar\u0131na \u00f6nem verilmektedir.<\/span><\/p>\n<p><span style=\"font-size: 14pt; color: #000080;\">Yeni m\u00fcfredat kapsam\u0131nda \u00f6\u011frenciler bilgiye nas\u0131l ula\u015facaklar\u0131n\u0131 kavrarlar. Sorunlar\u0131 \u00f6nceden tahmin etme, sorunla kar\u015f\u0131la\u015ft\u0131klar\u0131nda ne t\u00fcr y\u00f6ntemler kullanabilecekleri konusunda kendilerini geli\u015ftirirler. Grup \u00e7al\u0131\u015fmas\u0131n\u0131n \u00f6nemini kavrar ve bu y\u00f6nde \u00e7al\u0131\u015fmalar yaparlar. Ara\u015ft\u0131rma yapar, bilimsel s\u00fcre\u00e7leri \u00f6\u011frenirler. \u00d6\u011frendiklerini g\u00fcnl\u00fck hayata uyarlama becerisi kazan\u0131rlar.<\/span>[\/vc_column_text][\/vc_column][\/vc_row]<\/p>\n","protected":false},"excerpt":{"rendered":"<p>[vc_row][vc_column][stm_title title_align=&#8221;center&#8221; page_title_enable=&#8221;true&#8221; title_margin_b=&#8221;28px&#8221;][\/stm_title][vc_column_text css_animation=&#8221;slideInRight&#8221;]G\u00fcn\u00fcm\u00fczde ya\u015fanan h\u0131zl\u0131, ekonomik, sosyal, bilimsel ve teknolojik geli\u015fmeler ya\u015fam \u015feklimizi \u00f6nemli \u00f6l\u00e7\u00fcde de\u011fi\u015ftirmi\u015ftir. Okulumuzun, \u00e7a\u011fda\u015f ara\u00e7 &#8211; gere\u00e7 ve teknolojileriyle donat\u0131lm\u0131\u015f laboratuvarlar\u0131nda \u00f6\u011frencilerimiz fenle ilgili olarak edindikleri bilgileri; inceleme, ara\u015ft\u0131rma ve deneylerle bilimselliklerini kan\u0131tl\u0131yorlar ve ya\u015famla ili\u015fkilerini kuruyorlar. Bilim ve teknoloji alan\u0131ndaki geli\u015fmelere ayak uydurabilecek, bu geli\u015fmeleri y\u00f6nlendirecek \u00f6\u011frenciler yeti\u015ftirmek [&hellip;]<\/p>\n","protected":false},"author":1,"featured_media":0,"parent":0,"menu_order":0,"comment_status":"closed","ping_status":"closed","template":"","meta":{"footnotes":""},"class_list":["post-5335","page","type-page","status-publish","hentry"],"_links":{"self":[{"href":"https:\/\/www.dortyolyukselis.k12.tr\/index.php?rest_route=\/wp\/v2\/pages\/5335","targetHints":{"allow":["GET"]}}],"collection":[{"href":"https:\/\/www.dortyolyukselis.k12.tr\/index.php?rest_route=\/wp\/v2\/pages"}],"about":[{"href":"https:\/\/www.dortyolyukselis.k12.tr\/index.php?rest_route=\/wp\/v2\/types\/page"}],"author":[{"embeddable":true,"href":"https:\/\/www.dortyolyukselis.k12.tr\/index.php?rest_route=\/wp\/v2\/users\/1"}],"replies":[{"embeddable":true,"href":"https:\/\/www.dortyolyukselis.k12.tr\/index.php?rest_route=%2Fwp%2Fv2%2Fcomments&post=5335"}],"version-history":[{"count":8,"href":"https:\/\/www.dortyolyukselis.k12.tr\/index.php?rest_route=\/wp\/v2\/pages\/5335\/revisions"}],"predecessor-version":[{"id":6530,"href":"https:\/\/www.dortyolyukselis.k12.tr\/index.php?rest_route=\/wp\/v2\/pages\/5335\/revisions\/6530"}],"wp:attachment":[{"href":"https:\/\/www.dortyolyukselis.k12.tr\/index.php?rest_route=%2Fwp%2Fv2%2Fmedia&parent=5335"}],"curies":[{"name":"wp","href":"https:\/\/api.w.org\/{rel}","templated":true}]}}