{"id":5286,"date":"2021-10-11T12:00:39","date_gmt":"2021-10-11T09:00:39","guid":{"rendered":"https:\/\/www.dortyolyukselis.k12.tr\/?page_id=5286"},"modified":"2021-11-28T12:41:33","modified_gmt":"2021-11-28T09:41:33","slug":"derslikler","status":"publish","type":"page","link":"https:\/\/www.dortyolyukselis.k12.tr\/?page_id=5286","title":{"rendered":"Derslikler"},"content":{"rendered":"<p>[vc_row][vc_column][stm_title title_align=&#8221;center&#8221; page_title_enable=&#8221;true&#8221; title_margin_b=&#8221;28px&#8221;][\/stm_title][vc_images_carousel images=&#8221;5487,5488,5489,5490,5491,5492,5493,5494&#8243; img_size=&#8221;full&#8221; speed=&#8221;2000&#8243; slides_per_view=&#8221;3&#8243; autoplay=&#8221;yes&#8221; hide_pagination_control=&#8221;yes&#8221; hide_prev_next_buttons=&#8221;yes&#8221; wrap=&#8221;yes&#8221; css_animation=&#8221;slideInLeft&#8221;][vc_column_text css_animation=&#8221;slideInRight&#8221;]<span style=\"font-size: 14pt; color: #000080;\">Okulumuzda \u00f6\u011frencilerimizin g\u00fcn boyu ana bran\u015f derslerini yapt\u0131klar\u0131, kendilerine ait dolaplar\u0131n\u0131n yer ald\u0131\u011f\u0131 35 derslik bulunmaktad\u0131r. 18 \u00f6\u011frenci kapasiteli olan t\u00fcm dersliklerimizde; masa ve sandalyeler tek ki\u015fi oturmal\u0131 sistemle kullan\u0131lmaktad\u0131r. Bu derslikler d\u0131\u015f\u0131nda M\u00fczik, G\u00f6rsel Sanatlar, Bili\u015fim Teknolojileri S\u0131n\u0131f\u0131 ve kafeteryam\u0131z bulunmaktad\u0131r. Dersliklerimizin t\u00fcm\u00fcnde teknolojinin son yeniliklerinden yararlan\u0131l\u0131r.<\/span><\/p>\n<p><span style=\"font-size: 14pt; color: #000080;\">Her s\u0131n\u0131fta \u00f6\u011fretmen ve \u00f6\u011frencilerimizin interaktif olarak kullanabildikleri, SMART Board Interactive bulunmakta olup, t\u00fcm derslerde aktif olarak kullan\u0131lmaktad\u0131r. Ak\u0131ll\u0131 tahtalar\u0131n \u00f6\u011fretmenler taraf\u0131ndan; g\u00f6rsel, i\u015fitsel ve dokunmatik \u00f6\u011frenmeyi kolayla\u015ft\u0131r\u0131yor olmas\u0131, \u00f6\u011frencide derse ilgiyi art\u0131r\u0131p, , dersi zevkli ve e\u011flenceli hale getirmektedir. \u0130\u015flenen konu notlar\u0131n\u0131n depolanabilir olmas\u0131, z\u00fcmre \u00e7al\u0131\u015fmalar\u0131nda, s\u0131n\u0131flar aras\u0131 ileti\u015fim, etkile\u015fim ve bilgi payla\u015f\u0131m\u0131 konular\u0131nda e\u015fitli\u011fi sa\u011flad\u0131\u011f\u0131 gibi konu tekrarlar\u0131nda \u00f6\u011fretmenlere b\u00fcy\u00fck kolayl\u0131k sunmaktad\u0131r.<\/span>[\/vc_column_text][\/vc_column][\/vc_row]<\/p>\n","protected":false},"excerpt":{"rendered":"<p>[vc_row][vc_column][stm_title title_align=&#8221;center&#8221; page_title_enable=&#8221;true&#8221; title_margin_b=&#8221;28px&#8221;][\/stm_title][vc_images_carousel images=&#8221;5487,5488,5489,5490,5491,5492,5493,5494&#8243; img_size=&#8221;full&#8221; speed=&#8221;2000&#8243; slides_per_view=&#8221;3&#8243; autoplay=&#8221;yes&#8221; hide_pagination_control=&#8221;yes&#8221; hide_prev_next_buttons=&#8221;yes&#8221; wrap=&#8221;yes&#8221; css_animation=&#8221;slideInLeft&#8221;][vc_column_text css_animation=&#8221;slideInRight&#8221;]Okulumuzda \u00f6\u011frencilerimizin g\u00fcn boyu ana bran\u015f derslerini yapt\u0131klar\u0131, kendilerine ait dolaplar\u0131n\u0131n yer ald\u0131\u011f\u0131 35 derslik bulunmaktad\u0131r. 18 \u00f6\u011frenci kapasiteli olan t\u00fcm dersliklerimizde; masa ve sandalyeler tek ki\u015fi oturmal\u0131 sistemle kullan\u0131lmaktad\u0131r. Bu derslikler d\u0131\u015f\u0131nda M\u00fczik, G\u00f6rsel Sanatlar, Bili\u015fim Teknolojileri S\u0131n\u0131f\u0131 ve kafeteryam\u0131z bulunmaktad\u0131r. [&hellip;]<\/p>\n","protected":false},"author":1,"featured_media":0,"parent":0,"menu_order":0,"comment_status":"closed","ping_status":"closed","template":"","meta":{"footnotes":""},"class_list":["post-5286","page","type-page","status-publish","hentry"],"_links":{"self":[{"href":"https:\/\/www.dortyolyukselis.k12.tr\/index.php?rest_route=\/wp\/v2\/pages\/5286","targetHints":{"allow":["GET"]}}],"collection":[{"href":"https:\/\/www.dortyolyukselis.k12.tr\/index.php?rest_route=\/wp\/v2\/pages"}],"about":[{"href":"https:\/\/www.dortyolyukselis.k12.tr\/index.php?rest_route=\/wp\/v2\/types\/page"}],"author":[{"embeddable":true,"href":"https:\/\/www.dortyolyukselis.k12.tr\/index.php?rest_route=\/wp\/v2\/users\/1"}],"replies":[{"embeddable":true,"href":"https:\/\/www.dortyolyukselis.k12.tr\/index.php?rest_route=%2Fwp%2Fv2%2Fcomments&post=5286"}],"version-history":[{"count":42,"href":"https:\/\/www.dortyolyukselis.k12.tr\/index.php?rest_route=\/wp\/v2\/pages\/5286\/revisions"}],"predecessor-version":[{"id":6385,"href":"https:\/\/www.dortyolyukselis.k12.tr\/index.php?rest_route=\/wp\/v2\/pages\/5286\/revisions\/6385"}],"wp:attachment":[{"href":"https:\/\/www.dortyolyukselis.k12.tr\/index.php?rest_route=%2Fwp%2Fv2%2Fmedia&parent=5286"}],"curies":[{"name":"wp","href":"https:\/\/api.w.org\/{rel}","templated":true}]}}