{"id":5253,"date":"2021-10-11T12:00:04","date_gmt":"2021-10-11T09:00:04","guid":{"rendered":"https:\/\/www.dortyolyukselis.k12.tr\/?page_id=5253"},"modified":"2025-02-12T20:09:01","modified_gmt":"2025-02-12T17:09:01","slug":"insan-kaynaklari","status":"publish","type":"page","link":"https:\/\/www.dortyolyukselis.k12.tr\/?page_id=5253","title":{"rendered":"\u0130nsan Kaynaklar\u0131"},"content":{"rendered":"<p>[vc_row][vc_column][stm_title title_align=&#8221;center&#8221; page_title_enable=&#8221;true&#8221; title_margin_b=&#8221;28px&#8221;][\/stm_title][vc_single_image image=&#8221;5254&#8243; img_size=&#8221;full&#8221; alignment=&#8221;center&#8221; style=&#8221;vc_box_rounded&#8221; css_animation=&#8221;slideInLeft&#8221;][vc_text_separator title=&#8221;\u0130nsan Kaynaklar\u0131 Politikam\u0131z&#8221; i_icon_fontawesome=&#8221;stmlms-pplc_cl&#8221; color=&#8221;vista_blue&#8221; style=&#8221;shadow&#8221; border_width=&#8221;5&#8243; css_animation=&#8221;slideInRight&#8221; add_icon=&#8221;true&#8221; css=&#8221;.vc_custom_1636491070099{margin-bottom: -10px !important;}&#8221;][vc_column_text css_animation=&#8221;slideInRight&#8221; css=&#8221;.vc_custom_1636311769020{background-color: rgba(193,214,179,0.25) !important;*background-color: rgb(193,214,179) !important;}&#8221;]<span style=\"font-size: 14pt; color: #000080;\">Atat\u00fcrk ilkelerini ve bilimsel d\u00fc\u015f\u00fcnceyi temel alan, yarat\u0131c\u0131, dinamik, sorumluluk sahibi, geli\u015fmelere a\u00e7\u0131k, insan kayna\u011f\u0131n\u0131 istihdam eden ve kurumda g\u00f6rev yapan i\u015fg\u00fcc\u00fcn\u00fcn desteklenerek s\u00fcreklili\u011finin sa\u011flanmas\u0131n\u0131 ve performans\u0131n\u0131n \u00fcst seviyelere \u00e7\u0131kar\u0131lmas\u0131n\u0131 ilke edinmi\u015f, daima m\u00fckemmele ilerlemek hedefinde olan kurumumuzda;<\/span><\/p>\n<ul style=\"list-style-type: disc; color: #000080;\">\n<li><span style=\"font-size: 14pt; color: #000080;\">Kurumsal kimli\u011fimizi \u00e7al\u0131\u015fanlar\u0131m\u0131z\u0131n benimsemesini sa\u011flamak.<\/span><\/li>\n<li><span style=\"font-size: 14pt; color: #000080;\">Performans de\u011ferlendirme y\u00f6netimi \u00e7er\u00e7evesinde \u00e7al\u0131\u015fanlar\u0131 motive ederek verimlili\u011fi s\u00fcrekli k\u0131lmak,<\/span><\/li>\n<li><span style=\"font-size: 14pt; color: #000080;\">\u00c7al\u0131\u015fanlar\u0131m\u0131za tak\u0131m ruhu ve i\u015f birli\u011fi anlay\u0131\u015f\u0131n\u0131 benimsetmek amac\u0131yla \u00e7al\u0131\u015fmalar yapmak,<\/span><\/li>\n<li><span style=\"font-size: 14pt; color: #000080;\">\u00c7al\u0131\u015fanlar\u0131m\u0131za her konuda psikolojik destek sa\u011flanarak daha pozitif, istekli bir i\u015f g\u00fcc\u00fc yaratmaktay\u0131z.<\/span><\/li>\n<\/ul>\n<p>[\/vc_column_text][vc_text_separator title=&#8221;\u00c7al\u0131\u015fma Ko\u015fullar\u0131&#8221; i_icon_fontawesome=&#8221;stmlms-lms-clocks&#8221; color=&#8221;peacoc&#8221; style=&#8221;shadow&#8221; border_width=&#8221;5&#8243; css_animation=&#8221;slideInLeft&#8221; add_icon=&#8221;true&#8221; css=&#8221;.vc_custom_1636491077899{margin-bottom: -10px !important;}&#8221;][vc_column_text css_animation=&#8221;slideInLeft&#8221; css=&#8221;.vc_custom_1739379536091{background-color: rgba(166,179,191,0.25) !important;*background-color: rgb(166,179,191) !important;}&#8221;]<span style=\"font-size: 14pt; color: #000080;\">5580 say\u0131l\u0131 \u00d6zel \u00d6\u011fretim Kurumlar\u0131 Kanununa tabi olan, \u0130lkokul, Ortaokul ve Anadolu Lisesi olmak \u00fczere 3 ayr\u0131 \u00f6\u011fretim kurumunu b\u00fcnyesinde toplayan kurumumuzda g\u00f6rev yapan personelimiz 4857 say\u0131l\u0131 \u0130\u015f Kanununa tabi olup, sosyal g\u00fcvenlik y\u00f6n\u00fcnden 5510 Say\u0131l\u0131 Sosyal G\u00fcvenlik Kanununa g\u00f6re i\u015flem g\u00f6rmektedir.<\/span>[\/vc_column_text][vc_text_separator title=&#8221;Ba\u015fvuru Sistemi&#8221; i_icon_fontawesome=&#8221;fas fa-clipboard-list&#8221; color=&#8221;vista_blue&#8221; style=&#8221;shadow&#8221; border_width=&#8221;5&#8243; css_animation=&#8221;slideInRight&#8221; add_icon=&#8221;true&#8221; css=&#8221;.vc_custom_1636491087220{margin-bottom: -10px !important;}&#8221;][vc_column_text css_animation=&#8221;slideInRight&#8221; css=&#8221;.vc_custom_1636311823268{background-color: rgba(193,214,179,0.25) !important;*background-color: rgb(193,214,179) !important;}&#8221;]<span style=\"font-size: 14pt; color: #000080;\">Kurumumuzda e\u011fitim\u2013\u00f6\u011fretim g\u00f6revini y\u00fcr\u00fctecek e\u011fitimciler ve destek hizmet verecek olan personeller i\u00e7in ba\u015fvuru s\u00fcreci:<\/span><\/p>\n<ul style=\"list-style-type: disc; color: #000080;\">\n<li><span style=\"font-size: 14pt; color: #000080;\">\u0130nternet ortam\u0131nda olu\u015fturulmu\u015f olan \u0130nsan Kaynaklar\u0131 Ba\u015fvuru Sistemi arac\u0131l\u0131\u011f\u0131 ile<\/span><\/li>\n<li><span style=\"font-size: 14pt; color: #000080;\">Okulumuza gelerek ilgili birime \u015fahsen ba\u015fvuru yapmalar\u0131 ile m\u00fcmk\u00fcnd\u00fcr.<\/span><\/li>\n<\/ul>\n<p>&nbsp;<\/p>\n<p><strong><span style=\"font-size: 14pt; color: #000080;\">\u00d6\u011fretmen Ba\u015fvurular\u0131nda Aranan \u00d6n Ko\u015fullar:<\/span><\/strong><\/p>\n<ul style=\"list-style-type: disc; color: #000080;\">\n<li><span style=\"font-size: 14pt; color: #000080;\">119 Say\u0131l\u0131 Talim Terbiye Kurulu Ba\u015fkanl\u0131\u011f\u0131 Karar\u0131nda belirtildi\u011fi \u00fczere \u00f6\u011fretmen aday\u0131n\u0131n ba\u015fvurdu\u011fu bran\u015fa uygun lisans b\u00f6l\u00fcmlerinden mezun olmas\u0131,<\/span><\/li>\n<li><span style=\"font-size: 14pt; color: #000080;\">E\u011fitim Fak\u00fcltesi d\u0131\u015f\u0131ndaki mezuniyetlerde Pedagojik Formasyon Belgesine veya Orta \u00d6\u011fretim Alan \u00d6\u011fretmenli\u011fi Tezsiz Y\u00fcksek Lisans Belgesine sahip olmas\u0131,<\/span><\/li>\n<li><span style=\"font-size: 14pt; color: #000080;\">Bili\u015fim teknolojilerine h\u00e2kim olmas\u0131, Sosyal ve k\u00fclt\u00fcrel alanda vizyonun geni\u015f olmas\u0131,<\/span><\/li>\n<li><span style=\"font-size: 14pt; color: #000080;\">\u00d6\u011fretmenli\u011fin etik de\u011ferlerini ta\u015f\u0131yor olmas\u0131.<\/span><\/li>\n<\/ul>\n<p>[\/vc_column_text][\/vc_column][\/vc_row]<\/p>\n","protected":false},"excerpt":{"rendered":"<p>[vc_row][vc_column][stm_title title_align=&#8221;center&#8221; page_title_enable=&#8221;true&#8221; title_margin_b=&#8221;28px&#8221;][\/stm_title][vc_single_image image=&#8221;5254&#8243; img_size=&#8221;full&#8221; alignment=&#8221;center&#8221; style=&#8221;vc_box_rounded&#8221; css_animation=&#8221;slideInLeft&#8221;][vc_text_separator title=&#8221;\u0130nsan Kaynaklar\u0131 Politikam\u0131z&#8221; i_icon_fontawesome=&#8221;stmlms-pplc_cl&#8221; color=&#8221;vista_blue&#8221; style=&#8221;shadow&#8221; border_width=&#8221;5&#8243; css_animation=&#8221;slideInRight&#8221; add_icon=&#8221;true&#8221; css=&#8221;.vc_custom_1636491070099{margin-bottom: -10px !important;}&#8221;][vc_column_text css_animation=&#8221;slideInRight&#8221; css=&#8221;.vc_custom_1636311769020{background-color: rgba(193,214,179,0.25) !important;*background-color: rgb(193,214,179) !important;}&#8221;]Atat\u00fcrk ilkelerini ve bilimsel d\u00fc\u015f\u00fcnceyi temel alan, yarat\u0131c\u0131, dinamik, sorumluluk sahibi, geli\u015fmelere a\u00e7\u0131k, insan kayna\u011f\u0131n\u0131 istihdam eden ve kurumda g\u00f6rev yapan i\u015fg\u00fcc\u00fcn\u00fcn desteklenerek s\u00fcreklili\u011finin sa\u011flanmas\u0131n\u0131 ve performans\u0131n\u0131n \u00fcst seviyelere [&hellip;]<\/p>\n","protected":false},"author":1,"featured_media":0,"parent":0,"menu_order":0,"comment_status":"closed","ping_status":"closed","template":"","meta":{"footnotes":""},"class_list":["post-5253","page","type-page","status-publish","hentry"],"_links":{"self":[{"href":"https:\/\/www.dortyolyukselis.k12.tr\/index.php?rest_route=\/wp\/v2\/pages\/5253","targetHints":{"allow":["GET"]}}],"collection":[{"href":"https:\/\/www.dortyolyukselis.k12.tr\/index.php?rest_route=\/wp\/v2\/pages"}],"about":[{"href":"https:\/\/www.dortyolyukselis.k12.tr\/index.php?rest_route=\/wp\/v2\/types\/page"}],"author":[{"embeddable":true,"href":"https:\/\/www.dortyolyukselis.k12.tr\/index.php?rest_route=\/wp\/v2\/users\/1"}],"replies":[{"embeddable":true,"href":"https:\/\/www.dortyolyukselis.k12.tr\/index.php?rest_route=%2Fwp%2Fv2%2Fcomments&post=5253"}],"version-history":[{"count":25,"href":"https:\/\/www.dortyolyukselis.k12.tr\/index.php?rest_route=\/wp\/v2\/pages\/5253\/revisions"}],"predecessor-version":[{"id":6569,"href":"https:\/\/www.dortyolyukselis.k12.tr\/index.php?rest_route=\/wp\/v2\/pages\/5253\/revisions\/6569"}],"wp:attachment":[{"href":"https:\/\/www.dortyolyukselis.k12.tr\/index.php?rest_route=%2Fwp%2Fv2%2Fmedia&parent=5253"}],"curies":[{"name":"wp","href":"https:\/\/api.w.org\/{rel}","templated":true}]}}