{"id":5078,"date":"2021-10-11T12:00:40","date_gmt":"2021-10-11T09:00:40","guid":{"rendered":"https:\/\/www.dortyolyukselis.k12.tr\/?page_id=5078"},"modified":"2022-10-18T12:14:33","modified_gmt":"2022-10-18T09:14:33","slug":"idari-kadro","status":"publish","type":"page","link":"https:\/\/www.dortyolyukselis.k12.tr\/?page_id=5078","title":{"rendered":"\u0130dari Kadro"},"content":{"rendered":"<p>[vc_row][vc_column][stm_title title_align=&#8221;center&#8221; page_title_enable=&#8221;true&#8221; title_margin_b=&#8221;28px&#8221;][\/stm_title][vc_text_separator title=&#8221;Kadir G\u00d6K &#8211; Kurucu&#8221; color=&#8221;blue&#8221; style=&#8221;shadow&#8221; border_width=&#8221;5&#8243; css_animation=&#8221;slideInLeft&#8221; css=&#8221;.vc_custom_1637650438656{margin-bottom: 10px !important;}&#8221;][vc_single_image image=&#8221;5550&#8243; img_size=&#8221;480&#215;360&#8243; alignment=&#8221;center&#8221; style=&#8221;vc_box_rounded&#8221; onclick=&#8221;link_image&#8221; css_animation=&#8221;slideInLeft&#8221;][stm_spacing lg_spacing=&#8221;80&#8243; md_spacing=&#8221;60&#8243; sm_spacing=&#8221;40&#8243; xs_spacing=&#8221;20&#8243;][vc_text_separator title=&#8221;Recep YABA &#8211; Genel M\u00fcd\u00fcr&#8221; color=&#8221;vista_blue&#8221; style=&#8221;shadow&#8221; border_width=&#8221;5&#8243; css_animation=&#8221;slideInRight&#8221; css=&#8221;.vc_custom_1636485923411{margin-bottom: 10px !important;}&#8221;][vc_single_image image=&#8221;5614&#8243; img_size=&#8221;480&#215;360&#8243; alignment=&#8221;center&#8221; style=&#8221;vc_box_rounded&#8221; onclick=&#8221;link_image&#8221; css_animation=&#8221;slideInRight&#8221;][stm_spacing lg_spacing=&#8221;80&#8243; md_spacing=&#8221;60&#8243; sm_spacing=&#8221;40&#8243; xs_spacing=&#8221;20&#8243;][vc_row_inner][vc_column_inner width=&#8221;1\/2&#8243;][vc_text_separator title=&#8221;P\u0131nar CO\u015eKUNIRMAK &#8211; M\u00fcd\u00fcr Yrd.&#8221; color=&#8221;chino&#8221; style=&#8221;shadow&#8221; border_width=&#8221;5&#8243; css_animation=&#8221;slideInLeft&#8221; css=&#8221;.vc_custom_1637960638276{margin-bottom: 10px !important;}&#8221;][vc_single_image image=&#8221;5552&#8243; img_size=&#8221;400&#215;300&#8243; alignment=&#8221;center&#8221; style=&#8221;vc_box_rounded&#8221; onclick=&#8221;link_image&#8221; css_animation=&#8221;slideInLeft&#8221;][\/vc_column_inner][vc_column_inner width=&#8221;1\/2&#8243;][vc_text_separator title=&#8221;Erman ATE\u015e &#8211; M\u00fcd\u00fcr Yrd.&#8221; color=&#8221;chino&#8221; style=&#8221;shadow&#8221; border_width=&#8221;5&#8243; css_animation=&#8221;slideInDown&#8221; css=&#8221;.vc_custom_1637960651604{margin-bottom: 10px !important;}&#8221;][vc_single_image image=&#8221;5553&#8243; img_size=&#8221;400&#215;300&#8243; alignment=&#8221;center&#8221; style=&#8221;vc_box_rounded&#8221; onclick=&#8221;link_image&#8221; css_animation=&#8221;slideInRight&#8221;][\/vc_column_inner][\/vc_row_inner][\/vc_column][\/vc_row]<\/p>\n","protected":false},"excerpt":{"rendered":"<p>[vc_row][vc_column][stm_title title_align=&#8221;center&#8221; page_title_enable=&#8221;true&#8221; title_margin_b=&#8221;28px&#8221;][\/stm_title][vc_text_separator title=&#8221;Kadir G\u00d6K &#8211; Kurucu&#8221; color=&#8221;blue&#8221; style=&#8221;shadow&#8221; border_width=&#8221;5&#8243; css_animation=&#8221;slideInLeft&#8221; css=&#8221;.vc_custom_1637650438656{margin-bottom: 10px !important;}&#8221;][vc_single_image image=&#8221;5550&#8243; img_size=&#8221;480&#215;360&#8243; alignment=&#8221;center&#8221; style=&#8221;vc_box_rounded&#8221; onclick=&#8221;link_image&#8221; css_animation=&#8221;slideInLeft&#8221;][stm_spacing lg_spacing=&#8221;80&#8243; md_spacing=&#8221;60&#8243; sm_spacing=&#8221;40&#8243; xs_spacing=&#8221;20&#8243;][vc_text_separator title=&#8221;Recep YABA &#8211; Genel M\u00fcd\u00fcr&#8221; color=&#8221;vista_blue&#8221; style=&#8221;shadow&#8221; border_width=&#8221;5&#8243; css_animation=&#8221;slideInRight&#8221; css=&#8221;.vc_custom_1636485923411{margin-bottom: 10px !important;}&#8221;][vc_single_image image=&#8221;5614&#8243; img_size=&#8221;480&#215;360&#8243; alignment=&#8221;center&#8221; style=&#8221;vc_box_rounded&#8221; onclick=&#8221;link_image&#8221; css_animation=&#8221;slideInRight&#8221;][stm_spacing lg_spacing=&#8221;80&#8243; md_spacing=&#8221;60&#8243; sm_spacing=&#8221;40&#8243; xs_spacing=&#8221;20&#8243;][vc_row_inner][vc_column_inner width=&#8221;1\/2&#8243;][vc_text_separator title=&#8221;P\u0131nar CO\u015eKUNIRMAK &#8211; M\u00fcd\u00fcr Yrd.&#8221; color=&#8221;chino&#8221; style=&#8221;shadow&#8221; [&hellip;]<\/p>\n","protected":false},"author":1,"featured_media":0,"parent":0,"menu_order":0,"comment_status":"closed","ping_status":"closed","template":"","meta":{"footnotes":""},"class_list":["post-5078","page","type-page","status-publish","hentry"],"_links":{"self":[{"href":"https:\/\/www.dortyolyukselis.k12.tr\/index.php?rest_route=\/wp\/v2\/pages\/5078","targetHints":{"allow":["GET"]}}],"collection":[{"href":"https:\/\/www.dortyolyukselis.k12.tr\/index.php?rest_route=\/wp\/v2\/pages"}],"about":[{"href":"https:\/\/www.dortyolyukselis.k12.tr\/index.php?rest_route=\/wp\/v2\/types\/page"}],"author":[{"embeddable":true,"href":"https:\/\/www.dortyolyukselis.k12.tr\/index.php?rest_route=\/wp\/v2\/users\/1"}],"replies":[{"embeddable":true,"href":"https:\/\/www.dortyolyukselis.k12.tr\/index.php?rest_route=%2Fwp%2Fv2%2Fcomments&post=5078"}],"version-history":[{"count":57,"href":"https:\/\/www.dortyolyukselis.k12.tr\/index.php?rest_route=\/wp\/v2\/pages\/5078\/revisions"}],"predecessor-version":[{"id":6480,"href":"https:\/\/www.dortyolyukselis.k12.tr\/index.php?rest_route=\/wp\/v2\/pages\/5078\/revisions\/6480"}],"wp:attachment":[{"href":"https:\/\/www.dortyolyukselis.k12.tr\/index.php?rest_route=%2Fwp%2Fv2%2Fmedia&parent=5078"}],"curies":[{"name":"wp","href":"https:\/\/api.w.org\/{rel}","templated":true}]}}