{"id":5035,"date":"2021-10-11T12:00:22","date_gmt":"2021-10-11T09:00:22","guid":{"rendered":"https:\/\/www.dortyolyukselis.k12.tr\/?page_id=5035"},"modified":"2021-11-24T02:05:05","modified_gmt":"2021-11-23T23:05:05","slug":"olcme-degerlendirme","status":"publish","type":"page","link":"https:\/\/www.dortyolyukselis.k12.tr\/?page_id=5035","title":{"rendered":"\u00d6l\u00e7me De\u011ferlendirme"},"content":{"rendered":"<p>[vc_row][vc_column][stm_title title_align=&#8221;center&#8221; page_title_enable=&#8221;true&#8221; title_margin_b=&#8221;28px&#8221;][\/stm_title][vc_single_image image=&#8221;5054&#8243; img_size=&#8221;full&#8221; alignment=&#8221;center&#8221; style=&#8221;vc_box_rounded&#8221; css_animation=&#8221;slideInLeft&#8221;][vc_column_text css_animation=&#8221;slideInRight&#8221;]<span style=\"font-size: 14pt; color: #000080;\">E\u011fitim \u2013 \u00d6\u011fretim s\u00fcrecinin ayr\u0131lmaz ve tamamlay\u0131c\u0131 bir par\u00e7as\u0131d\u0131r. Genel amac\u0131, e\u011fitim \u2013 \u00f6\u011fretim s\u00fcrecinin devaml\u0131l\u0131\u011f\u0131n\u0131 sa\u011flamak sisteme geri bildirim vererek \u00f6\u011frencilere daha iyi etkin e\u011fitim \u2013 \u00f6\u011fretim s\u00fcreci ya\u015fatmakt\u0131r, \u00f6\u011frencilerimizin s\u00fcrekli olarak takibini sa\u011flayarak geli\u015fim s\u00fcrecini izlemek ve \u00f6\u011frencilerimizin tam ve eksiksiz e\u011fitim alm\u0131\u015f birer birey olarak topluma kazand\u0131r\u0131lmas\u0131n\u0131 sa\u011flamakt\u0131r. Uygulan\u0131lan de\u011ferlendirme-deneme s\u0131navlar\u0131 planlanan zamanlarda \u00fcnitelerin ve konular\u0131n \u00f6zellikleri dikkate al\u0131narak izleme testi \u00f6zelliklerine uygun bir \u015fekilde \u00f6\u011fretmenlerin denetimi alt\u0131nda uygulan\u0131r.<\/span><\/p>\n<p><span style=\"font-size: 14pt; color: #000080;\">Genel s\u0131nav sonu\u00e7lar\u0131 panolara as\u0131larak \u00f6\u011frencilere s\u0131n\u0131f i\u00e7indeki yerlerini \u00f6\u011frenme f\u0131rsat\u0131 sa\u011flanm\u0131\u015f olur. Ayr\u0131ca \u00f6\u011frencilere ait s\u0131nav sonu\u00e7 karnesi sistem \u00fczerinden Pdf dosyas\u0131 olarak payla\u015f\u0131lmaktad\u0131r. Ayr\u0131ca velilerimiz ve \u00f6\u011frencilerimiz ki\u015fisel \u015fifreleri ile sisteme girerek s\u0131nav analizine ula\u015fabilmektedirler. Bu sistemle yapamad\u0131\u011f\u0131 konular\u0131n listesi, ba\u015far\u0131 grafikleri ve y\u00fczdelerini g\u00f6rme ve de\u011ferlendirme imk\u00e2n\u0131 sunulmaktad\u0131r.<\/span>[\/vc_column_text][\/vc_column][\/vc_row]<\/p>\n","protected":false},"excerpt":{"rendered":"<p>[vc_row][vc_column][stm_title title_align=&#8221;center&#8221; page_title_enable=&#8221;true&#8221; title_margin_b=&#8221;28px&#8221;][\/stm_title][vc_single_image image=&#8221;5054&#8243; img_size=&#8221;full&#8221; alignment=&#8221;center&#8221; style=&#8221;vc_box_rounded&#8221; css_animation=&#8221;slideInLeft&#8221;][vc_column_text css_animation=&#8221;slideInRight&#8221;]E\u011fitim \u2013 \u00d6\u011fretim s\u00fcrecinin ayr\u0131lmaz ve tamamlay\u0131c\u0131 bir par\u00e7as\u0131d\u0131r. Genel amac\u0131, e\u011fitim \u2013 \u00f6\u011fretim s\u00fcrecinin devaml\u0131l\u0131\u011f\u0131n\u0131 sa\u011flamak sisteme geri bildirim vererek \u00f6\u011frencilere daha iyi etkin e\u011fitim \u2013 \u00f6\u011fretim s\u00fcreci ya\u015fatmakt\u0131r, \u00f6\u011frencilerimizin s\u00fcrekli olarak takibini sa\u011flayarak geli\u015fim s\u00fcrecini izlemek ve \u00f6\u011frencilerimizin tam ve eksiksiz e\u011fitim alm\u0131\u015f birer [&hellip;]<\/p>\n","protected":false},"author":1,"featured_media":0,"parent":0,"menu_order":0,"comment_status":"closed","ping_status":"closed","template":"","meta":{"footnotes":""},"class_list":["post-5035","page","type-page","status-publish","hentry"],"_links":{"self":[{"href":"https:\/\/www.dortyolyukselis.k12.tr\/index.php?rest_route=\/wp\/v2\/pages\/5035","targetHints":{"allow":["GET"]}}],"collection":[{"href":"https:\/\/www.dortyolyukselis.k12.tr\/index.php?rest_route=\/wp\/v2\/pages"}],"about":[{"href":"https:\/\/www.dortyolyukselis.k12.tr\/index.php?rest_route=\/wp\/v2\/types\/page"}],"author":[{"embeddable":true,"href":"https:\/\/www.dortyolyukselis.k12.tr\/index.php?rest_route=\/wp\/v2\/users\/1"}],"replies":[{"embeddable":true,"href":"https:\/\/www.dortyolyukselis.k12.tr\/index.php?rest_route=%2Fwp%2Fv2%2Fcomments&post=5035"}],"version-history":[{"count":10,"href":"https:\/\/www.dortyolyukselis.k12.tr\/index.php?rest_route=\/wp\/v2\/pages\/5035\/revisions"}],"predecessor-version":[{"id":6129,"href":"https:\/\/www.dortyolyukselis.k12.tr\/index.php?rest_route=\/wp\/v2\/pages\/5035\/revisions\/6129"}],"wp:attachment":[{"href":"https:\/\/www.dortyolyukselis.k12.tr\/index.php?rest_route=%2Fwp%2Fv2%2Fmedia&parent=5035"}],"curies":[{"name":"wp","href":"https:\/\/api.w.org\/{rel}","templated":true}]}}