{"id":5015,"date":"2021-10-11T12:00:18","date_gmt":"2021-10-11T09:00:18","guid":{"rendered":"https:\/\/www.dortyolyukselis.k12.tr\/?page_id=5015"},"modified":"2021-11-24T02:05:49","modified_gmt":"2021-11-23T23:05:49","slug":"5015-2","status":"publish","type":"page","link":"https:\/\/www.dortyolyukselis.k12.tr\/?page_id=5015","title":{"rendered":"Rehberlik Servisi"},"content":{"rendered":"<p>[vc_row][vc_column][stm_title title_align=&#8221;center&#8221; page_title_enable=&#8221;true&#8221; title_margin_b=&#8221;28px&#8221;][\/stm_title][vc_single_image image=&#8221;5016&#8243; img_size=&#8221;full&#8221; alignment=&#8221;center&#8221; style=&#8221;vc_box_rounded&#8221; css_animation=&#8221;slideInLeft&#8221;][vc_row_inner content_placement=&#8221;middle&#8221;][vc_column_inner width=&#8221;1\/3&#8243;][vc_single_image image=&#8221;5554&#8243; img_size=&#8221;300&#215;225&#8243; alignment=&#8221;center&#8221; style=&#8221;vc_box_rounded&#8221; onclick=&#8221;link_image&#8221; css_animation=&#8221;slideInRight&#8221;][vc_text_separator title=&#8221;Hatice ATALAY &#8211; Ortaokul&#8221; color=&#8221;chino&#8221; style=&#8221;double&#8221; border_width=&#8221;2&#8243; el_width=&#8221;80&#8243; css_animation=&#8221;slideInRight&#8221; css=&#8221;.vc_custom_1636490901324{margin-top: -15px !important;}&#8221;][\/vc_column_inner][vc_column_inner width=&#8221;1\/3&#8243;][vc_single_image image=&#8221;5555&#8243; img_size=&#8221;300&#215;225&#8243; alignment=&#8221;center&#8221; style=&#8221;vc_box_rounded&#8221; onclick=&#8221;link_image&#8221; css_animation=&#8221;slideInRight&#8221;][vc_text_separator title=&#8221;Murat KATRANCI &#8211; Lise&#8221; color=&#8221;chino&#8221; style=&#8221;double&#8221; border_width=&#8221;2&#8243; el_width=&#8221;80&#8243; css_animation=&#8221;slideInRight&#8221; css=&#8221;.vc_custom_1636490930415{margin-top: -15px !important;}&#8221;][\/vc_column_inner][vc_column_inner width=&#8221;1\/3&#8243;][vc_single_image image=&#8221;5556&#8243; img_size=&#8221;300&#215;225&#8243; alignment=&#8221;center&#8221; style=&#8221;vc_box_rounded&#8221; onclick=&#8221;link_image&#8221; css_animation=&#8221;slideInRight&#8221;][vc_text_separator title=&#8221;Zeynep ARAZ &#8211; Lise&#8221; color=&#8221;chino&#8221; style=&#8221;double&#8221; border_width=&#8221;2&#8243; el_width=&#8221;80&#8243; css_animation=&#8221;slideInRight&#8221; css=&#8221;.vc_custom_1636490937808{margin-top: -15px !important;}&#8221;][\/vc_column_inner][\/vc_row_inner][vc_empty_space height=&#8221;30px&#8221;][vc_column_text css_animation=&#8221;slideInLeft&#8221;]<span style=\"font-size: 14pt; color: #000080;\">Okulumuzun rehberlik program\u0131 \u00f6\u011frenci, veli ve \u00f6\u011fretmenlerin olumlu \u00f6\u011frenme deneyimleri ya\u015famalar\u0131na yard\u0131mc\u0131 olmay\u0131 ama\u00e7lamaktad\u0131r. Rehberlik ve Psikolojik Dan\u0131\u015fmanl\u0131k Servisi, \u00f6\u011frencilerin;<\/span><\/p>\n<ul style=\"list-style-type: disc; color: #000080;\">\n<li><span style=\"font-size: 14pt; color: #000080;\">Kendilerini tan\u0131malar\u0131n\u0131,<\/span><\/li>\n<li><span style=\"font-size: 14pt; color: #000080;\">Birebir takip ve her \u00f6\u011frenciye \u00f6zel planlamalar yaparak sa\u011fl\u0131kl\u0131 bir \u00f6z benlik geli\u015ftirmelerini,<\/span><\/li>\n<li><span style=\"font-size: 14pt; color: #000080;\">Kendine ve ba\u015fkalar\u0131na sayg\u0131l\u0131 olmalar\u0131n\u0131,<\/span><\/li>\n<li><span style=\"font-size: 14pt; color: #000080;\">Sosyal, duygusal, bili\u015fsel ve fiziksel alanlarda geli\u015fmelerini,<\/span><\/li>\n<li><span style=\"font-size: 14pt; color: #000080;\">Ki\u015fisel sorunlar\u0131 \u00e7\u00f6zme konusunda strateji ve al\u0131\u015fkanl\u0131klar geli\u015ftirmelerini,<\/span><\/li>\n<li><span style=\"font-size: 14pt; color: #000080;\">\u0130lgi alanlar\u0131 ve yetenekleri do\u011frultusunda geli\u015fmelerine yard\u0131mc\u0131 olmay\u0131,<\/span><\/li>\n<\/ul>\n<p><span style=\"font-size: 14pt; color: #000080;\">hedeflemektedir.<\/span>[\/vc_column_text][vc_text_separator title=&#8221;Oryantasyon&#8221; i_icon_fontawesome=&#8221;fas fa-hiking&#8221; color=&#8221;vista_blue&#8221; style=&#8221;shadow&#8221; border_width=&#8221;5&#8243; css_animation=&#8221;slideInRight&#8221; add_icon=&#8221;true&#8221; css=&#8221;.vc_custom_1636485473423{margin-bottom: -10px !important;}&#8221;][vc_column_text css_animation=&#8221;slideInRight&#8221; css=&#8221;.vc_custom_1636485433288{background-color: rgba(193,214,179,0.25) !important;*background-color: rgb(193,214,179) !important;}&#8221;]<\/p>\n<blockquote><p><span style=\"font-size: 14pt; color: #000080;\">Psikolojik dan\u0131\u015fma ve rehberlikte al\u0131\u015ft\u0131rma-oryantasyon hizmetleri \u00f6\u011frencilere okulu ve okulda bulunan olanaklar\u0131 tan\u0131tmak amac\u0131 ile d\u00fczenlenen \u00e7al\u0131\u015fmalar\u0131 kapsar. \u00d6\u011frencilere okulu ve okulda bulunan olanaklar\u0131 hatta yak\u0131n \u00e7evreyi tan\u0131tmak, okul y\u00f6neticileri ba\u015fta olmak \u00fczere okuldaki t\u00fcm personeli ilgilendiren bir sorumluluktur. Bu do\u011frultuda \u00f6\u011frencilerimizin okul ortam\u0131na daha \u00e7abuk uyum sa\u011flamalar\u0131na yard\u0131mc\u0131 olarak iyi bir e\u011fitim almalar\u0131n\u0131 sa\u011fl\u0131yoruz.<\/span><\/p><\/blockquote>\n<p>[\/vc_column_text][vc_text_separator title=&#8221;G\u00f6zlem-Test-Envanter&#8221; i_icon_fontawesome=&#8221;fas fa-clipboard-list&#8221; color=&#8221;peacoc&#8221; style=&#8221;shadow&#8221; border_width=&#8221;5&#8243; css_animation=&#8221;slideInLeft&#8221; add_icon=&#8221;true&#8221; css=&#8221;.vc_custom_1636485507259{margin-bottom: -10px !important;}&#8221;][vc_column_text css_animation=&#8221;slideInLeft&#8221; css=&#8221;.vc_custom_1636484706128{background-color: rgba(166,179,191,0.25) !important;*background-color: rgb(166,179,191) !important;}&#8221;]<\/p>\n<blockquote><p><span style=\"font-size: 14pt; color: #000080;\">Testler, dan\u0131\u015fmanl\u0131k ve e\u011fitim programlar\u0131n\u0131n planlamas\u0131nda \u00f6n de\u011ferlendirmeye yard\u0131mc\u0131 ara\u00e7lar olarak kullan\u0131lmaktad\u0131r. Bu nedenle, psikolojik testlerin yan\u0131 s\u0131ra g\u00f6zlem ve bireysel g\u00f6r\u00fc\u015fmelerin \u00f6nemi b\u00fcy\u00fckt\u00fcr.<\/span><\/p><\/blockquote>\n<p>[\/vc_column_text][vc_text_separator title=&#8221;\u00d6\u011frenci-Veli G\u00f6r\u00fc\u015fmeleri&#8221; i_icon_fontawesome=&#8221;far fa-comments&#8221; color=&#8221;vista_blue&#8221; style=&#8221;shadow&#8221; border_width=&#8221;5&#8243; css_animation=&#8221;slideInRight&#8221; add_icon=&#8221;true&#8221; css=&#8221;.vc_custom_1636485518834{margin-bottom: -10px !important;}&#8221;][vc_column_text css_animation=&#8221;slideInRight&#8221; css=&#8221;.vc_custom_1636484778457{background-color: rgba(193,214,179,0.25) !important;*background-color: rgb(193,214,179) !important;}&#8221;]<\/p>\n<blockquote><p><span style=\"font-size: 14pt; color: #000080;\">\u00d6\u011frenci g\u00f6r\u00fc\u015fmeleri; \u00f6\u011frencilerin kendi talepleri \u00fczerine ya da \u00f6\u011fretmenlerin sevk etmesi \u00fczerine ger\u00e7ekle\u015ftirilir. Veli ile yap\u0131lan g\u00f6r\u00fc\u015fmeler, veli talepleri ya da Rehberlik ve Psikolojik Dan\u0131\u015fmanl\u0131k Birimi\u2019nin gerekli g\u00f6rd\u00fc\u011f\u00fc durumlarda randevu yolu ile ger\u00e7ekle\u015ftirilir. \u00d6\u011fretmenler ve rehberlik servisi d\u00fczenli olarak g\u00f6r\u00fc\u015ferek, t\u00fcm \u00f6\u011frencilerin geli\u015fim s\u00fcre\u00e7lerini birlikte takip ederler.<\/span><\/p><\/blockquote>\n<p>[\/vc_column_text][vc_text_separator title=&#8221;PDR Seminerleri&#8221; i_icon_fontawesome=&#8221;stm-icon stm-icon-teacher&#8221; color=&#8221;peacoc&#8221; style=&#8221;shadow&#8221; border_width=&#8221;5&#8243; css_animation=&#8221;slideInLeft&#8221; add_icon=&#8221;true&#8221; css=&#8221;.vc_custom_1636485528892{margin-bottom: -10px !important;}&#8221;][vc_column_text css_animation=&#8221;slideInLeft&#8221; css=&#8221;.vc_custom_1636484797219{background-color: rgba(166,179,191,0.25) !important;*background-color: rgb(166,179,191) !important;}&#8221;]<\/p>\n<blockquote><p><span style=\"font-size: 14pt; color: #000080;\">Y\u0131l i\u00e7erisinde do\u011fan ihtiya\u00e7 ve isteklere g\u00f6re belirlenen hedefler do\u011frultusunda \u00f6\u011frencilere, \u00f6\u011fretmenlere ve velilere seminerler d\u00fczenlenir. Seminerler, okul psikolojik dan\u0131\u015fman\u0131 veya okula davet edilen konunun uzman\u0131 ki\u015filer taraf\u0131ndan verilmektedir.<\/span><\/p><\/blockquote>\n<p>[\/vc_column_text][\/vc_column][\/vc_row]<\/p>\n","protected":false},"excerpt":{"rendered":"<p>[vc_row][vc_column][stm_title title_align=&#8221;center&#8221; page_title_enable=&#8221;true&#8221; title_margin_b=&#8221;28px&#8221;][\/stm_title][vc_single_image image=&#8221;5016&#8243; img_size=&#8221;full&#8221; alignment=&#8221;center&#8221; style=&#8221;vc_box_rounded&#8221; css_animation=&#8221;slideInLeft&#8221;][vc_row_inner content_placement=&#8221;middle&#8221;][vc_column_inner width=&#8221;1\/3&#8243;][vc_single_image image=&#8221;5554&#8243; img_size=&#8221;300&#215;225&#8243; alignment=&#8221;center&#8221; style=&#8221;vc_box_rounded&#8221; onclick=&#8221;link_image&#8221; css_animation=&#8221;slideInRight&#8221;][vc_text_separator title=&#8221;Hatice ATALAY &#8211; Ortaokul&#8221; color=&#8221;chino&#8221; style=&#8221;double&#8221; border_width=&#8221;2&#8243; el_width=&#8221;80&#8243; css_animation=&#8221;slideInRight&#8221; css=&#8221;.vc_custom_1636490901324{margin-top: -15px !important;}&#8221;][\/vc_column_inner][vc_column_inner width=&#8221;1\/3&#8243;][vc_single_image image=&#8221;5555&#8243; img_size=&#8221;300&#215;225&#8243; alignment=&#8221;center&#8221; style=&#8221;vc_box_rounded&#8221; onclick=&#8221;link_image&#8221; css_animation=&#8221;slideInRight&#8221;][vc_text_separator title=&#8221;Murat KATRANCI &#8211; Lise&#8221; color=&#8221;chino&#8221; style=&#8221;double&#8221; border_width=&#8221;2&#8243; el_width=&#8221;80&#8243; css_animation=&#8221;slideInRight&#8221; css=&#8221;.vc_custom_1636490930415{margin-top: -15px !important;}&#8221;][\/vc_column_inner][vc_column_inner width=&#8221;1\/3&#8243;][vc_single_image image=&#8221;5556&#8243; img_size=&#8221;300&#215;225&#8243; alignment=&#8221;center&#8221; style=&#8221;vc_box_rounded&#8221; onclick=&#8221;link_image&#8221; css_animation=&#8221;slideInRight&#8221;][vc_text_separator [&hellip;]<\/p>\n","protected":false},"author":1,"featured_media":0,"parent":0,"menu_order":0,"comment_status":"closed","ping_status":"closed","template":"","meta":{"footnotes":""},"class_list":["post-5015","page","type-page","status-publish","hentry"],"_links":{"self":[{"href":"https:\/\/www.dortyolyukselis.k12.tr\/index.php?rest_route=\/wp\/v2\/pages\/5015","targetHints":{"allow":["GET"]}}],"collection":[{"href":"https:\/\/www.dortyolyukselis.k12.tr\/index.php?rest_route=\/wp\/v2\/pages"}],"about":[{"href":"https:\/\/www.dortyolyukselis.k12.tr\/index.php?rest_route=\/wp\/v2\/types\/page"}],"author":[{"embeddable":true,"href":"https:\/\/www.dortyolyukselis.k12.tr\/index.php?rest_route=\/wp\/v2\/users\/1"}],"replies":[{"embeddable":true,"href":"https:\/\/www.dortyolyukselis.k12.tr\/index.php?rest_route=%2Fwp%2Fv2%2Fcomments&post=5015"}],"version-history":[{"count":54,"href":"https:\/\/www.dortyolyukselis.k12.tr\/index.php?rest_route=\/wp\/v2\/pages\/5015\/revisions"}],"predecessor-version":[{"id":6131,"href":"https:\/\/www.dortyolyukselis.k12.tr\/index.php?rest_route=\/wp\/v2\/pages\/5015\/revisions\/6131"}],"wp:attachment":[{"href":"https:\/\/www.dortyolyukselis.k12.tr\/index.php?rest_route=%2Fwp%2Fv2%2Fmedia&parent=5015"}],"curies":[{"name":"wp","href":"https:\/\/api.w.org\/{rel}","templated":true}]}}