{"id":4798,"date":"2021-10-11T12:00:06","date_gmt":"2021-10-11T09:00:06","guid":{"rendered":"http:\/\/smartyschool.stylemixthemes.com\/?page_id=23"},"modified":"2025-03-21T14:31:22","modified_gmt":"2025-03-21T11:31:22","slug":"contacts","status":"publish","type":"page","link":"https:\/\/www.dortyolyukselis.k12.tr\/?page_id=4798","title":{"rendered":"\u0130leti\u015fim"},"content":{"rendered":"<p>[vc_row][vc_column][stm_title title_align=&#8221;center&#8221; page_title_enable=&#8221;true&#8221; title_margin_t=&#8221;5px&#8221; title_margin_b=&#8221;31px&#8221;][\/stm_title][vc_single_image image=&#8221;5074&#8243; img_size=&#8221;full&#8221; alignment=&#8221;center&#8221; style=&#8221;vc_box_rounded&#8221; css_animation=&#8221;slideInLeft&#8221;][\/vc_column][\/vc_row][vc_row css=&#8221;.vc_custom_1474971338129{margin-bottom: 19px !important;}&#8221;][vc_column css_animation=&#8221;slideInRight&#8221; width=&#8221;1\/2&#8243;][stm_title title_tag=&#8221;h4&#8243; title_align=&#8221;center&#8221; title=&#8221;Bize Ula\u015fabilirsiniz&#8230;&#8221; title_margin_t=&#8221;-8px&#8221; title_margin_b=&#8221;24px&#8221;][\/stm_title][stm_contact_details contact_address=&#8221;Ocakl\u0131 Mahallesi 329 Nolu Sokak No: 2\/2 D\u00f6rtyol\/HATAY&#8221; contact_tel=&#8221;0 326 713 1975 &#8211; 0 505 662 6208&#8243; contact_email=&#8221;bilgi@dortyolyukselis.k12.tr&#8221; contact_url=&#8221;url:http%3A%2F%2Fwww.dortyolyukselis.k12.tr|title:www.dortyolyukselis.k12.tr|target:_blank&#8221; contact_schedule=&#8221;Pazartesi &#8211; Cumartesi: 08.00 &#8211; 17.30&#8243; css=&#8221;.vc_custom_1742556673312{margin-bottom: 40px !important;}&#8221;][vc_column_text]<span style=\"font-size: 14pt; color: #000080;\"><strong>\u00d6\u011fretmen G\u00f6r\u00fc\u015fme Saatleri:<\/strong><\/span><br \/>\n<span style=\"font-size: 12pt; color: #000080;\"><strong>Ortaokul :<\/strong> 12:00 &#8211; 12:40 ve 15:3<\/span><span style=\"font-size: 12pt; color: #000080;\">0 &#8211; 16:30<\/span><br \/>\n<span style=\"font-size: 12pt; color: #000080;\"><strong>Lise\u00a0 \u00a0 \u00a0 \u00a0 \u00a0 \u00a0:<\/strong> 12:50 &#8211; 13:30 ve 15:30 &#8211; 16:30<\/span>[\/vc_column_text][\/vc_column][vc_column css_animation=&#8221;slideInRight&#8221; width=&#8221;1\/2&#8243;][stm_single_image img_responsive_enable=&#8221;true&#8221; img_border_radius=&#8221;true&#8221; img_id=&#8221;6583&#8243; img_size=&#8221;full&#8221;][\/vc_column][\/vc_row][vc_row full_width=&#8221;stretch_row&#8221; content_placement=&#8221;middle&#8221; css=&#8221;.vc_custom_1637897614215{background-color: rgba(152,214,109,0.15) !important;*background-color: rgb(152,214,109) !important;}&#8221;][vc_column][vc_gmaps link=&#8221;#E-8_JTNDaWZyYW1lJTIwc3JjJTNEJTIyaHR0cHMlM0ElMkYlMkZ3d3cuZ29vZ2xlLmNvbSUyRm1hcHMlMkZlbWJlZCUzRnBiJTNEJTIxMW0xOCUyMTFtMTIlMjExbTMlMjExZDc5OC4yMTExMjUzMTQ4MDI5JTIxMmQzNi4yMjIwNTI4MjkyMjM3NCUyMTNkMzYuODQ2MTk5OTk4NzQ2MjElMjEybTMlMjExZjAlMjEyZjAlMjEzZjAlMjEzbTIlMjExaTEwMjQlMjEyaTc2OCUyMTRmMTMuMSUyMTNtMyUyMTFtMiUyMTFzMHgwJTI1M0EweGY0ZjFiMzFiYmRlZDNjZSUyMTJ6TXpiQ3NEVXdKelEyTGpNaVRpQXpOc0t3TVRNbk1qRXVOQ0pGJTIxNWUwJTIxM20yJTIxMXN0ciUyMTJzdHIlMjE0djE2Mzc4OTY1Nzg2MDAlMjE1bTIlMjExc3RyJTIxMnN0ciUyMiUyMHdpZHRoJTNEJTIyNjAwJTIyJTIwaGVpZ2h0JTNEJTIyNDUwJTIyJTIwc3R5bGUlM0QlMjJib3JkZXIlM0EwJTNCJTIyJTIwYWxsb3dmdWxsc2NyZWVuJTNEJTIyJTIyJTIwbG9hZGluZyUzRCUyMmxhenklMjIlM0UlM0MlMkZpZnJhbWUlM0U=&#8221; css_animation=&#8221;slideInLeft&#8221;][\/vc_column][\/vc_row]<\/p>\n","protected":false},"excerpt":{"rendered":"<p>[vc_row][vc_column][stm_title title_align=&#8221;center&#8221; page_title_enable=&#8221;true&#8221; title_margin_t=&#8221;5px&#8221; title_margin_b=&#8221;31px&#8221;][\/stm_title][vc_single_image image=&#8221;5074&#8243; img_size=&#8221;full&#8221; alignment=&#8221;center&#8221; style=&#8221;vc_box_rounded&#8221; css_animation=&#8221;slideInLeft&#8221;][\/vc_column][\/vc_row][vc_row css=&#8221;.vc_custom_1474971338129{margin-bottom: 19px !important;}&#8221;][vc_column css_animation=&#8221;slideInRight&#8221; width=&#8221;1\/2&#8243;][stm_title title_tag=&#8221;h4&#8243; title_align=&#8221;center&#8221; title=&#8221;Bize Ula\u015fabilirsiniz&#8230;&#8221; title_margin_t=&#8221;-8px&#8221; title_margin_b=&#8221;24px&#8221;][\/stm_title][stm_contact_details contact_address=&#8221;Ocakl\u0131 Mahallesi 329 Nolu Sokak No: 2\/2 D\u00f6rtyol\/HATAY&#8221; contact_tel=&#8221;0 326 713 1975 &#8211; 0 505 662 6208&#8243; contact_email=&#8221;bilgi@dortyolyukselis.k12.tr&#8221; contact_url=&#8221;url:http%3A%2F%2Fwww.dortyolyukselis.k12.tr|title:www.dortyolyukselis.k12.tr|target:_blank&#8221; contact_schedule=&#8221;Pazartesi &#8211; Cumartesi: 08.00 &#8211; 17.30&#8243; css=&#8221;.vc_custom_1742556673312{margin-bottom: 40px !important;}&#8221;][vc_column_text]\u00d6\u011fretmen G\u00f6r\u00fc\u015fme Saatleri: Ortaokul : 12:00 &#8211; [&hellip;]<\/p>\n","protected":false},"author":1,"featured_media":0,"parent":0,"menu_order":0,"comment_status":"closed","ping_status":"closed","template":"","meta":{"footnotes":""},"class_list":["post-4798","page","type-page","status-publish","hentry"],"_links":{"self":[{"href":"https:\/\/www.dortyolyukselis.k12.tr\/index.php?rest_route=\/wp\/v2\/pages\/4798","targetHints":{"allow":["GET"]}}],"collection":[{"href":"https:\/\/www.dortyolyukselis.k12.tr\/index.php?rest_route=\/wp\/v2\/pages"}],"about":[{"href":"https:\/\/www.dortyolyukselis.k12.tr\/index.php?rest_route=\/wp\/v2\/types\/page"}],"author":[{"embeddable":true,"href":"https:\/\/www.dortyolyukselis.k12.tr\/index.php?rest_route=\/wp\/v2\/users\/1"}],"replies":[{"embeddable":true,"href":"https:\/\/www.dortyolyukselis.k12.tr\/index.php?rest_route=%2Fwp%2Fv2%2Fcomments&post=4798"}],"version-history":[{"count":93,"href":"https:\/\/www.dortyolyukselis.k12.tr\/index.php?rest_route=\/wp\/v2\/pages\/4798\/revisions"}],"predecessor-version":[{"id":6656,"href":"https:\/\/www.dortyolyukselis.k12.tr\/index.php?rest_route=\/wp\/v2\/pages\/4798\/revisions\/6656"}],"wp:attachment":[{"href":"https:\/\/www.dortyolyukselis.k12.tr\/index.php?rest_route=%2Fwp%2Fv2%2Fmedia&parent=4798"}],"curies":[{"name":"wp","href":"https:\/\/api.w.org\/{rel}","templated":true}]}}