{"id":4796,"date":"2021-10-11T12:00:41","date_gmt":"2021-10-11T09:00:41","guid":{"rendered":"http:\/\/smartyschool.stylemixthemes.com\/?page_id=19"},"modified":"2025-02-28T16:27:36","modified_gmt":"2025-02-28T13:27:36","slug":"home","status":"publish","type":"page","link":"https:\/\/www.dortyolyukselis.k12.tr\/","title":{"rendered":"Ana Sayfa"},"content":{"rendered":"<p>[vc_row content_placement=&#8221;middle&#8221;][vc_column][rev_slider_vc alias=&#8221;ana&#8221;][vc_row_inner content_placement=&#8221;middle&#8221; css=&#8221;.vc_custom_1637183879950{margin-top: 50px !important;}&#8221;][vc_column_inner width=&#8221;1\/5&#8243; css=&#8221;.vc_custom_1636918423940{margin-bottom: 30px !important;}&#8221;][stm_action_box text_alignment=&#8221;center&#8221; cta_bg_color=&#8221;custom&#8221; title=&#8221;E\u011fitim&#8221; img_id=&#8221;5894&#8243; content_bg_color_custom=&#8221;#4e8abf&#8221;]En Fazla 18 Ki\u015filik S\u0131n\u0131flarda Birebir E\u011fitim Avantaj\u0131[\/stm_action_box][\/vc_column_inner][vc_column_inner width=&#8221;1\/5&#8243; css=&#8221;.vc_custom_1636918419115{margin-bottom: 30px !important;}&#8221;][stm_action_box text_alignment=&#8221;center&#8221; cta_bg_color=&#8221;custom&#8221; cta_text_color=&#8221;yellow&#8221; img_id=&#8221;5891&#8243; action_box_link=&#8221;|||&#8221; content_color_custom=&#8221;#dd9933&#8243; css=&#8221;.vc_custom_1637010419935{padding-top: 0px !important;padding-right: 0px !important;padding-bottom: 0px !important;padding-left: 0px !important;}&#8221; title=&#8221;Tecr\u00fcbe&#8221; content_bg_color_custom=&#8221;#81d742&#8243;]Alan\u0131nda Uzman ve Tecr\u00fcbeli \u00d6\u011fretmen Kadrosu[\/stm_action_box][\/vc_column_inner][vc_column_inner width=&#8221;1\/5&#8243; css=&#8221;.vc_custom_1636918908028{margin-bottom: 30px !important;}&#8221;][stm_action_box text_alignment=&#8221;center&#8221; cta_bg_color=&#8221;custom&#8221; cta_text_color=&#8221;yellow&#8221; img_id=&#8221;5895&#8243; title=&#8221;Rehberlik&#8221; action_box_link=&#8221;|||&#8221; content_color_custom=&#8221;#dd9933&#8243; content_bg_color_custom=&#8221;#ff6666&#8243;]S\u0131n\u0131f Dan\u0131\u015fmanl\u0131\u011f\u0131 Sistemi \u0130le S\u0131n\u0131f \u0130\u00e7inde Kaybolmama Garantisi[\/stm_action_box][\/vc_column_inner][vc_column_inner width=&#8221;1\/5&#8243; css=&#8221;.vc_custom_1636918408850{margin-bottom: 30px !important;}&#8221;][stm_action_box text_alignment=&#8221;center&#8221; cta_bg_color=&#8221;custom&#8221; cta_text_color=&#8221;yellow&#8221; img_id=&#8221;5892&#8243; title=&#8221;\u00d6zel Ders&#8221; action_box_link=&#8221;|||&#8221; content_color_custom=&#8221;#dd9933&#8243; content_bg_color_custom=&#8221;#ffaf40&#8243;]Her G\u00fcn Birebir Et\u00fct ve \u00d6zel Ders Alabilme Olana\u011f\u0131[\/stm_action_box][\/vc_column_inner][vc_column_inner width=&#8221;1\/5&#8243; css=&#8221;.vc_custom_1636918914775{margin-bottom: 30px !important;}&#8221;][stm_action_box text_alignment=&#8221;center&#8221; cta_bg_color=&#8221;custom&#8221; cta_text_color=&#8221;yellow&#8221; img_id=&#8221;5896&#8243; title=&#8221;\u00d6devlendirme&#8221; action_box_link=&#8221;|||&#8221; content_color_custom=&#8221;#dd9933&#8243; content_bg_color_custom=&#8221;#bd66ff&#8221;]Rehber ve Dan\u0131\u015fman \u00d6\u011fretmen G\u00f6zetiminde \u00d6dev Takibi[\/stm_action_box][\/vc_column_inner][\/vc_row_inner][\/vc_column][\/vc_row][vc_row full_width=&#8221;stretch_row&#8221; content_placement=&#8221;middle&#8221; css_animation=&#8221;slideInLeft&#8221; css=&#8221;.vc_custom_1637184319420{margin-top: 50px !important;}&#8221;][vc_column][stm_title title_align=&#8221;center&#8221; title=&#8221;Son Haberler&#8221;][\/stm_title][stm_posts view=&#8221;grid&#8221; posts_category=&#8221;haberler&#8221; posts_count=&#8221;3&#8243; css=&#8221;.vc_custom_1637183514699{margin-top: -20px !important;}&#8221;][\/vc_column][\/vc_row][vc_row css_animation=&#8221;slideInRight&#8221; disable_element=&#8221;yes&#8221; css=&#8221;.vc_custom_1653986019176{margin-top: 50px !important;}&#8221;][vc_column][stm_title title_align=&#8221;center&#8221; title=&#8221;Haftal\u0131k Yemek Men\u00fcs\u00fc (21.02.2022- 25.02.2022)&#8221;][\/stm_title][stm_meal items_count=&#8221;4&#8243;][\/vc_column][\/vc_row]<\/p>\n","protected":false},"excerpt":{"rendered":"<p>[vc_row content_placement=&#8221;middle&#8221;][vc_column][rev_slider_vc alias=&#8221;ana&#8221;][vc_row_inner content_placement=&#8221;middle&#8221; css=&#8221;.vc_custom_1637183879950{margin-top: 50px !important;}&#8221;][vc_column_inner width=&#8221;1\/5&#8243; css=&#8221;.vc_custom_1636918423940{margin-bottom: 30px !important;}&#8221;][stm_action_box text_alignment=&#8221;center&#8221; cta_bg_color=&#8221;custom&#8221; title=&#8221;E\u011fitim&#8221; img_id=&#8221;5894&#8243; content_bg_color_custom=&#8221;#4e8abf&#8221;]En Fazla 18 Ki\u015filik S\u0131n\u0131flarda Birebir E\u011fitim Avantaj\u0131[\/stm_action_box][\/vc_column_inner][vc_column_inner width=&#8221;1\/5&#8243; css=&#8221;.vc_custom_1636918419115{margin-bottom: 30px !important;}&#8221;][stm_action_box text_alignment=&#8221;center&#8221; cta_bg_color=&#8221;custom&#8221; cta_text_color=&#8221;yellow&#8221; img_id=&#8221;5891&#8243; action_box_link=&#8221;|||&#8221; content_color_custom=&#8221;#dd9933&#8243; css=&#8221;.vc_custom_1637010419935{padding-top: 0px !important;padding-right: 0px !important;padding-bottom: 0px !important;padding-left: 0px !important;}&#8221; title=&#8221;Tecr\u00fcbe&#8221; content_bg_color_custom=&#8221;#81d742&#8243;]Alan\u0131nda Uzman ve Tecr\u00fcbeli \u00d6\u011fretmen Kadrosu[\/stm_action_box][\/vc_column_inner][vc_column_inner width=&#8221;1\/5&#8243; css=&#8221;.vc_custom_1636918908028{margin-bottom: 30px !important;}&#8221;][stm_action_box text_alignment=&#8221;center&#8221; cta_bg_color=&#8221;custom&#8221; [&hellip;]<\/p>\n","protected":false},"author":1,"featured_media":0,"parent":0,"menu_order":0,"comment_status":"closed","ping_status":"closed","template":"","meta":{"footnotes":""},"class_list":["post-4796","page","type-page","status-publish","hentry"],"_links":{"self":[{"href":"https:\/\/www.dortyolyukselis.k12.tr\/index.php?rest_route=\/wp\/v2\/pages\/4796","targetHints":{"allow":["GET"]}}],"collection":[{"href":"https:\/\/www.dortyolyukselis.k12.tr\/index.php?rest_route=\/wp\/v2\/pages"}],"about":[{"href":"https:\/\/www.dortyolyukselis.k12.tr\/index.php?rest_route=\/wp\/v2\/types\/page"}],"author":[{"embeddable":true,"href":"https:\/\/www.dortyolyukselis.k12.tr\/index.php?rest_route=\/wp\/v2\/users\/1"}],"replies":[{"embeddable":true,"href":"https:\/\/www.dortyolyukselis.k12.tr\/index.php?rest_route=%2Fwp%2Fv2%2Fcomments&post=4796"}],"version-history":[{"count":119,"href":"https:\/\/www.dortyolyukselis.k12.tr\/index.php?rest_route=\/wp\/v2\/pages\/4796\/revisions"}],"predecessor-version":[{"id":6649,"href":"https:\/\/www.dortyolyukselis.k12.tr\/index.php?rest_route=\/wp\/v2\/pages\/4796\/revisions\/6649"}],"wp:attachment":[{"href":"https:\/\/www.dortyolyukselis.k12.tr\/index.php?rest_route=%2Fwp%2Fv2%2Fmedia&parent=4796"}],"curies":[{"name":"wp","href":"https:\/\/api.w.org\/{rel}","templated":true}]}}